{"id":15234,"date":"2025-06-03T15:47:48","date_gmt":"2025-06-03T18:47:48","guid":{"rendered":"http:\/\/demo.qodeinteractive.com\/bridge3\/?page_id=15234"},"modified":"2025-06-27T22:00:50","modified_gmt":"2025-06-28T01:00:50","slug":"home","status":"publish","type":"page","link":"https:\/\/arv-argentina.com\/en\/","title":{"rendered":"Home"},"content":{"rendered":"<div class=\"wpb-content-wrapper\"><p>[vc_row css_animation=&#8221;&#8221; row_type=&#8221;row&#8221; use_row_as_full_screen_section=&#8221;no&#8221; type=&#8221;full_width&#8221; angled_section=&#8221;no&#8221; text_align=&#8221;left&#8221; background_image_as_pattern=&#8221;without_pattern&#8221;][vc_column][vc_row_inner row_type=&#8221;row&#8221; type=&#8221;full_width&#8221; text_align=&#8221;left&#8221; css_animation=&#8221;&#8221;][vc_column_inner][vc_single_image image=&#8221;19400&#8243; img_size=&#8221;full&#8221; alignment=&#8221;center&#8221; css=&#8221;&#8221; qode_css_animation=&#8221;&#8221;][\/vc_column_inner][\/vc_row_inner][\/vc_column][\/vc_row][vc_row css_animation=&#8221;&#8221; row_type=&#8221;row&#8221; use_row_as_full_screen_section=&#8221;no&#8221; type=&#8221;grid&#8221; anchor=&#8221;lafirma&#8221; angled_section=&#8221;no&#8221; text_align=&#8221;center&#8221; background_image_as_pattern=&#8221;without_pattern&#8221; background_color=&#8221;#ffffff&#8221; border_color=&#8221;#eeeeee&#8221; padding_top=&#8221;36&#8243; padding_bottom=&#8221;0&#8243;][vc_column][vc_column_text css=&#8221;.vc_custom_1722798665997{padding-bottom: 36px !important;}&#8221;]<\/p>\n<h1>Alvarez\u00a0 Roperti\u00a0 Venegas<\/h1>\n<p>[\/vc_column_text][vc_column_text css=&#8221;&#8221;]<\/p>\n<h2>TAX CONSULTANTS &amp; AUDITORS<\/h2>\n<p>[\/vc_column_text][vc_separator type=&#8221;small&#8221; position=&#8221;center&#8221; color=&#8221;#818181&#8243; up=&#8221;30&#8243; down=&#8221;30&#8243;][vc_row_inner row_type=&#8221;row&#8221; type=&#8221;full_width&#8221; text_align=&#8221;left&#8221; css_animation=&#8221;&#8221;][vc_column_inner width=&#8221;1\/6&#8243;][\/vc_column_inner][vc_column_inner width=&#8221;2\/3&#8243;][vc_column_text css=&#8221;&#8221;]<\/p>\n<p style=\"text-align: center;\"><strong>ARV<\/strong> is an Argentine firm of economic sciences professionals, established in 1992 to provide high quality auditing and consulting services, accruing a vast experience in providing services to domestic and international companies.<\/p>\n<p style=\"text-align: center;\">Since the company believes training is one of the organization pillars, it allocates significant resources to ensure the permanent update of the company staff in the fields of business development and changes in current legislation.<\/p>\n<p>[\/vc_column_text][\/vc_column_inner][vc_column_inner width=&#8221;1\/6&#8243;][\/vc_column_inner][\/vc_row_inner][vc_separator type=&#8221;transparent&#8221; up=&#8221;65&#8243; down=&#8221;38&#8243;][\/vc_column][\/vc_row][vc_row css_animation=&#8221;&#8221; row_type=&#8221;row&#8221; use_row_as_full_screen_section=&#8221;no&#8221; type=&#8221;grid&#8221; anchor=&#8221;servicios&#8221; angled_section=&#8221;no&#8221; text_align=&#8221;left&#8221; background_image=&#8221;16052&#8243; background_image_as_pattern=&#8221;without_pattern&#8221; background_color=&#8221;#f8f8f8&#8243; border_color=&#8221;#eeeeee&#8221; padding_top=&#8221;97&#8243; padding_bottom=&#8221;34&#8243;][vc_column][vc_row_inner row_type=&#8221;row&#8221; type=&#8221;full_width&#8221; text_align=&#8221;left&#8221; css_animation=&#8221;&#8221;][vc_column_inner][vc_column_text]<\/p>\n<h1 style=\"text-align: center;\"><span style=\"color: #ffffff;\">OUR SERVICES<\/span><\/h1>\n<p>[\/vc_column_text][vc_empty_space][vc_column_text]<\/p>\n<p style=\"text-align: center;\"><span style=\"color: #ffffff;\">AT ALVAREZ ROPERTI VENEGAS, WE AIM AT MEETING THE DEMANDS OF OUR CLIENTS IN AN EVER MORE COMPETITIVE AND GLOBALIZED MARKET THROUGH OUR WIDE RANGE OF SERVICES.<\/span><\/p>\n<p>[\/vc_column_text][vc_empty_space height=&#8221;62px&#8221;][\/vc_column_inner][\/vc_row_inner][vc_row_inner row_type=&#8221;row&#8221; type=&#8221;full_width&#8221; text_align=&#8221;left&#8221; css_animation=&#8221;&#8221;][vc_column_inner width=&#8221;1\/3&#8243;]<div class='q_icon_with_title medium normal_icon'><div class=\"icon_holder q_icon_animation\" style=\" transition-delay: 100ms; -webkit-transition-delay: 100ms; -moz-transition-delay: 100ms; -o-transition-delay: 100ms;\"><span data-icon-type=\"normal\"   style=\"\" class=\"qode_iwt_icon_holder q_font_awsome_icon fa-3x \"><i class=\"qode_icon_font_awesome fa fa-bookmark-o qode_iwt_icon_element\" style=\"color: #ffffff;\" ><\/i><\/span><\/div><div class=\"icon_text_holder\" style=\"\"><div class=\"icon_text_inner\" style=\"\"><h5 class=\"icon_title\" style=\"color: #ffffff;\">Audit<\/h5>[vc_separator type=\"small\" position=\"left\" color=\"#ffb03a\" thickness=\"2\" width=\"20\" up=\"11\" down=\"11\"]<p style='color: #ffffff'>We begin our work with a thorough study of the firm in order to design a program specifically appropriate involving review tasks favoring the growth of our client.<\/p><\/div><\/div><\/div>[vc_separator type=&#8221;transparent&#8221; up=&#8221;5&#8243; down=&#8221;0&#8243;][vc_single_image image=&#8221;16070&#8243; img_size=&#8221;full&#8221; onclick=&#8221;custom_link&#8221; qode_css_animation=&#8221;&#8221; link=&#8221;https:\/\/arv-argentina.com\/auditoria\/&#8221;][vc_separator type=&#8221;transparent&#8221; up=&#8221;5&#8243; down=&#8221;30&#8243;][\/vc_column_inner][vc_column_inner width=&#8221;1\/3&#8243;]<div class='q_icon_with_title medium normal_icon'><div class=\"icon_holder q_icon_animation\" style=\" transition-delay: 100ms; -webkit-transition-delay: 100ms; -moz-transition-delay: 100ms; -o-transition-delay: 100ms;\"><span data-icon-type=\"normal\"   style=\"\" class=\"qode_iwt_icon_holder q_font_awsome_icon fa-3x \"><i class=\"qode_icon_font_awesome fa fa-usd qode_iwt_icon_element\" style=\"color: #ffffff;\" ><\/i><\/span><\/div><div class=\"icon_text_holder\" style=\"\"><div class=\"icon_text_inner\" style=\"\"><h5 class=\"icon_title\" style=\"color: #ffffff;\">Taxes<\/h5>[vc_separator type=\"small\" position=\"left\" color=\"#ffb03a\" thickness=\"2\" width=\"20\" up=\"11\" down=\"11\"]<p style='color: #ffffff'>We know that the most efficient consulting is achieved through a personal, regular and coordinated contact with our client.<\/p><\/div><\/div><\/div>[vc_single_image image=&#8221;16070&#8243; img_size=&#8221;full&#8221; onclick=&#8221;custom_link&#8221; qode_css_animation=&#8221;&#8221; link=&#8221;https:\/\/arv-argentina.com\/impuestos\/&#8221;][vc_separator type=&#8221;transparent&#8221; up=&#8221;5&#8243; down=&#8221;0&#8243;][vc_separator type=&#8221;transparent&#8221; up=&#8221;5&#8243; down=&#8221;30&#8243;][\/vc_column_inner][vc_column_inner width=&#8221;1\/3&#8243;][vc_separator type=&#8221;transparent&#8221; up=&#8221;5&#8243; down=&#8221;0&#8243;]<div class='q_icon_with_title medium normal_icon'><div class=\"icon_holder q_icon_animation\" style=\" transition-delay: 100ms; -webkit-transition-delay: 100ms; -moz-transition-delay: 100ms; -o-transition-delay: 100ms;\"><span data-icon-type=\"normal\"   style=\"\" class=\"qode_iwt_icon_holder q_font_awsome_icon fa-3x \"><i class=\"qode_icon_font_awesome fa fa-sign-out qode_iwt_icon_element\" style=\"color: #ffffff;\" ><\/i><\/span><\/div><div class=\"icon_text_holder\" style=\"\"><div class=\"icon_text_inner\" style=\"\"><h5 class=\"icon_title\" style=\"color: #ffffff;\">Outsourcing<\/h5>[vc_separator type=\"small\" position=\"left\" color=\"#ffb03a\" thickness=\"2\" width=\"20\" up=\"11\" down=\"11\"]<p style='color: #ffffff'>Focus on the strategic aspects of your company and boost your business. Leave in the hands of our staff the tasks that require a high degree of specialization.<\/p><\/div><\/div><\/div>[vc_separator type=&#8221;transparent&#8221; up=&#8221;5&#8243; down=&#8221;30&#8243;][vc_single_image image=&#8221;16070&#8243; img_size=&#8221;full&#8221; onclick=&#8221;custom_link&#8221; qode_css_animation=&#8221;&#8221; link=&#8221;https:\/\/arv-argentina.com\/outsourcing\/&#8221;][\/vc_column_inner][vc_column_inner][\/vc_column_inner][vc_column_inner][\/vc_column_inner][\/vc_row_inner][vc_empty_space height=&#8221;62px&#8221;][\/vc_column][\/vc_row][vc_row css_animation=&#8221;&#8221; row_type=&#8221;row&#8221; use_row_as_full_screen_section=&#8221;no&#8221; type=&#8221;grid&#8221; anchor=&#8221;portfolio&#8221; angled_section=&#8221;no&#8221; text_align=&#8221;left&#8221; background_image_as_pattern=&#8221;without_pattern&#8221; background_color=&#8221;#ffffff&#8221; padding_top=&#8221;73&#8243; padding_bottom=&#8221;0&#8243;][vc_column][vc_column_text]<\/p>\n<h1 style=\"text-align: center;\">OUR TEAM<\/h1>\n<p>[\/vc_column_text][vc_empty_space][vc_row_inner row_type=&#8221;row&#8221; type=&#8221;full_width&#8221; text_align=&#8221;left&#8221; css_animation=&#8221;&#8221;][vc_column_inner width=&#8221;1\/5&#8243;][vc_single_image image=&#8221;19380&#8243; img_size=&#8221;150&#215;150&#8243; alignment=&#8221;center&#8221; css=&#8221;&#8221; qode_css_animation=&#8221;element_from_bottom&#8221;][vc_separator type=&#8221;transparent&#8221; up=&#8221;11&#8243; down=&#8221;11&#8243;][vc_column_text css=&#8221;&#8221;]<\/p>\n<p class=\"center-col width-90\" style=\"text-align: center;\">Founding partner in charge of the Tax Area. Expert in Capital Markets Taxation and Director of the Tax Affairs Commission of the Chamber of Stock Exchange Companies. Advises several of the country&#8217;s leading stock exchange agents.<\/p>\n<p>&nbsp;<\/p>\n<p class=\"name black-text\" style=\"text-align: center;\"><strong>Fernando G. \u00c1lvarez<\/strong><\/p>\n<p class=\"name black-text\" style=\"text-align: center;\"><a href=\"https:\/\/about.me\/fernandogalvarez\" target=\"_blank\" rel=\"noopener noreferrer\"><img loading=\"lazy\" decoding=\"async\" class=\"alignnone size-full wp-image-16080\" src=\"https:\/\/arv-argentina.com\/wp-content\/uploads\/2014\/04\/aboutme.png\" alt=\"aboutme\" width=\"55\" height=\"47\" \/><\/a><a href=\"http:\/\/ar.linkedin.com\/in\/fernandoalvarezarv\" target=\"_blank\" rel=\"noopener noreferrer\"><img loading=\"lazy\" decoding=\"async\" class=\"alignnone size-full wp-image-16081\" src=\"https:\/\/arv-argentina.com\/wp-content\/uploads\/2014\/04\/linkedin.png\" alt=\"linkedin\" width=\"55\" height=\"47\" \/><\/a><\/p>\n<p>[\/vc_column_text][vc_separator type=&#8221;transparent&#8221; up=&#8221;30&#8243; down=&#8221;30&#8243;][\/vc_column_inner][vc_column_inner width=&#8221;1\/5&#8243;][vc_single_image image=&#8221;19381&#8243; img_size=&#8221;150&#215;150&#8243; alignment=&#8221;center&#8221; css=&#8221;&#8221; qode_css_animation=&#8221;element_from_bottom&#8221;][vc_separator type=&#8221;transparent&#8221; up=&#8221;25&#8243; down=&#8221;0&#8243;][vc_column_text css=&#8221;&#8221;]<\/p>\n<p style=\"text-align: center;\">Founding partner in charge of the Tax Area. Expert in Taxation for Agricultural Businesses. Advises some of the largest agricultural companies in the country.<\/p>\n<p>&nbsp;<\/p>\n<p style=\"text-align: center;\"><strong>Jorge A. Roperti<\/strong><\/p>\n<p style=\"text-align: center;\"><a href=\"http:\/\/ar.linkedin.com\/in\/jorgeropertiarv\" target=\"_blank\" rel=\"noopener noreferrer\"><img loading=\"lazy\" decoding=\"async\" class=\"alignnone size-full wp-image-16081\" src=\"https:\/\/arv-argentina.com\/wp-content\/uploads\/2014\/04\/linkedin.png\" alt=\"linkedin\" width=\"55\" height=\"47\" \/><\/a><\/p>\n<p>[\/vc_column_text][vc_separator type=&#8221;transparent&#8221; up=&#8221;76&#8243; down=&#8221;0&#8243;][\/vc_column_inner][vc_column_inner width=&#8221;1\/5&#8243;][vc_single_image image=&#8221;19382&#8243; img_size=&#8221;150&#215;150&#8243; alignment=&#8221;center&#8221; css=&#8221;&#8221; qode_css_animation=&#8221;element_from_bottom&#8221;][vc_separator type=&#8221;transparent&#8221; up=&#8221;25&#8243; down=&#8221;0&#8243;][vc_column_text css=&#8221;&#8221;]<\/p>\n<p style=\"text-align: center;\">Founding partner in charge of the Audit Area. Registered Auditor with the CNV&#8217;s External Auditors Register, with experience as a bankruptcy trustee.<\/p>\n<p>&nbsp;<\/p>\n<p style=\"text-align: center;\"><strong>Rodolfo D. Venegas<\/strong><\/p>\n<p style=\"text-align: center;\"><a href=\"http:\/\/ar.linkedin.com\/in\/rvenegasarv\" target=\"_blank\" rel=\"noopener noreferrer\"><img loading=\"lazy\" decoding=\"async\" class=\"alignnone size-full wp-image-16081\" src=\"https:\/\/arv-argentina.com\/wp-content\/uploads\/2014\/04\/linkedin.png\" alt=\"linkedin\" width=\"55\" height=\"47\" \/><\/a><\/p>\n<p>[\/vc_column_text][vc_separator type=&#8221;transparent&#8221; up=&#8221;76&#8243; down=&#8221;0&#8243;][\/vc_column_inner][vc_column_inner width=&#8221;1\/5&#8243;][vc_single_image image=&#8221;19383&#8243; img_size=&#8221;150&#215;150&#8243; alignment=&#8221;center&#8221; css=&#8221;&#8221; qode_css_animation=&#8221;element_from_bottom&#8221;][vc_separator type=&#8221;transparent&#8221; up=&#8221;25&#8243; down=&#8221;0&#8243;][vc_column_text css=&#8221;&#8221;]<\/p>\n<p style=\"text-align: center;\">Associate in charge of the Audit Area. Specializes in the audit of financial statements, both external and internal, for Stock Exchange Companies and Management Companies of Mutual Funds.<\/p>\n<p>&nbsp;<\/p>\n<p style=\"text-align: center;\"><strong>Mariano C. Nader<\/strong><\/p>\n<p style=\"text-align: center;\"><a href=\"http:\/\/ar.linkedin.com\/in\/marianonaderarv\" target=\"_blank\" rel=\"noopener noreferrer\"><img loading=\"lazy\" decoding=\"async\" class=\"alignnone size-full wp-image-16081\" src=\"https:\/\/arv-argentina.com\/wp-content\/uploads\/2014\/04\/linkedin.png\" alt=\"linkedin\" width=\"55\" height=\"47\" \/><\/a><\/p>\n<p>[\/vc_column_text][\/vc_column_inner][vc_column_inner width=&#8221;1\/5&#8243;][vc_single_image image=&#8221;19388&#8243; img_size=&#8221;150&#215;150&#8243; alignment=&#8221;center&#8221; css=&#8221;&#8221; qode_css_animation=&#8221;element_from_bottom&#8221;][vc_separator type=&#8221;transparent&#8221; up=&#8221;25&#8243; down=&#8221;0&#8243;][vc_column_text css=&#8221;&#8221;]<\/p>\n<p style=\"text-align: center;\">Associate in charge of the Audit Area. Postgraduate in International Financial Reporting Standards and International Auditing Standards. Experienced in external audits of companies under CNV regulations, including financial, industrial, commercial, and agricultural entities.<\/p>\n<p>&nbsp;<\/p>\n<p style=\"text-align: center;\"><strong>Juan P. Martinez<\/strong><\/p>\n<p style=\"text-align: center;\"><a href=\"http:\/\/ar.linkedin.com\/in\/marianonaderarv\" target=\"_blank\" rel=\"noopener noreferrer\"><img loading=\"lazy\" decoding=\"async\" class=\"alignnone size-full wp-image-16081\" src=\"https:\/\/arv-argentina.com\/wp-content\/uploads\/2014\/04\/linkedin.png\" alt=\"linkedin\" width=\"55\" height=\"47\" \/><\/a><\/p>\n<p>[\/vc_column_text][\/vc_column_inner][\/vc_row_inner][vc_separator type=&#8221;transparent&#8221; up=&#8221;45&#8243; down=&#8221;18&#8243;][\/vc_column][\/vc_row][vc_row row_type=&#8221;parallax&#8221; parallax_content_width=&#8221;in_grid&#8221; anchor=&#8221;portfolio&#8221; text_align=&#8221;left&#8221; background_image=&#8221;19398&#8243; full_screen_section_height=&#8221;no&#8221; section_height=&#8221;700&#8243;][vc_column][vc_separator type=&#8221;transparent&#8221; up=&#8221;80&#8243; down=&#8221;0&#8243;][vc_separator type=&#8221;transparent&#8221; up=&#8221;45&#8243; down=&#8221;19&#8243;][\/vc_column][\/vc_row]<\/p>\n<\/div>","protected":false},"excerpt":{"rendered":"<p>[vc_row css_animation=&#8221;&#8221; row_type=&#8221;row&#8221; use_row_as_full_screen_section=&#8221;no&#8221; type=&#8221;full_width&#8221; angled_section=&#8221;no&#8221; text_align=&#8221;left&#8221; background_image_as_pattern=&#8221;without_pattern&#8221;][vc_column][vc_row_inner row_type=&#8221;row&#8221; type=&#8221;full_width&#8221; text_align=&#8221;left&#8221; css_animation=&#8221;&#8221;][vc_column_inner][vc_single_image image=&#8221;19400&#8243; img_size=&#8221;full&#8221; alignment=&#8221;center&#8221; css=&#8221;&#8221; qode_css_animation=&#8221;&#8221;][\/vc_column_inner][\/vc_row_inner][\/vc_column][\/vc_row][vc_row css_animation=&#8221;&#8221; row_type=&#8221;row&#8221; use_row_as_full_screen_section=&#8221;no&#8221; type=&#8221;grid&#8221; anchor=&#8221;lafirma&#8221; angled_section=&#8221;no&#8221; text_align=&#8221;center&#8221; background_image_as_pattern=&#8221;without_pattern&#8221; background_color=&#8221;#ffffff&#8221; border_color=&#8221;#eeeeee&#8221; padding_top=&#8221;36&#8243; padding_bottom=&#8221;0&#8243;][vc_column][vc_column_text css=&#8221;.vc_custom_1722798665997{padding-bottom: 36px !important;}&#8221;] Alvarez\u00a0 Roperti\u00a0 Venegas [\/vc_column_text][vc_column_text css=&#8221;&#8221;] TAX CONSULTANTS &amp; AUDITORS [\/vc_column_text][vc_separator type=&#8221;small&#8221; position=&#8221;center&#8221; color=&#8221;#818181&#8243;&#8230;<\/p>\n","protected":false},"author":1,"featured_media":0,"parent":0,"menu_order":0,"comment_status":"open","ping_status":"open","template":"full_width.php","meta":{"footnotes":""},"class_list":["post-15234","page","type-page","status-publish","hentry"],"yoast_head":"<!-- This site is optimized with the Yoast SEO plugin v27.4 - https:\/\/yoast.com\/product\/yoast-seo-wordpress\/ -->\n<title>ARV Argentina | Consultores Tributarios y Auditores<\/title>\n<meta name=\"description\" content=\"Especialistas en Asesoramiento Impositivo. Desde 1992 brindado servicios a Empresas, Pymes y Profesionales. Consultores Tributarios y Auditores\" \/>\n<meta name=\"robots\" content=\"index, follow, max-snippet:-1, max-image-preview:large, max-video-preview:-1\" \/>\n<link rel=\"canonical\" href=\"https:\/\/arv-argentina.com\/en\/\" \/>\n<meta property=\"og:locale\" content=\"en_US\" \/>\n<meta property=\"og:type\" content=\"article\" \/>\n<meta property=\"og:title\" content=\"ARV Argentina | Consultores Tributarios y Auditores\" \/>\n<meta property=\"og:description\" content=\"Especialistas en Asesoramiento Impositivo. Desde 1992 brindado servicios a Empresas, Pymes y Profesionales. Consultores Tributarios y Auditores\" \/>\n<meta property=\"og:url\" content=\"https:\/\/arv-argentina.com\/en\/\" \/>\n<meta property=\"og:site_name\" content=\"ARV Argentina | Alvarez Roperti Venegas Consultores Tributarios &amp; Auditores\" \/>\n<meta property=\"article:modified_time\" content=\"2025-06-28T01:00:50+00:00\" \/>\n<meta property=\"og:image\" content=\"https:\/\/arv-argentina.com\/wp-content\/uploads\/2014\/04\/aboutme.png\" \/>\n<meta name=\"twitter:card\" content=\"summary_large_image\" \/>\n<meta name=\"twitter:label1\" content=\"Est. reading time\" \/>\n\t<meta name=\"twitter:data1\" content=\"8 minutes\" \/>\n<script type=\"application\/ld+json\" class=\"yoast-schema-graph\">{\"@context\":\"https:\\\/\\\/schema.org\",\"@graph\":[{\"@type\":\"WebPage\",\"@id\":\"https:\\\/\\\/arv-argentina.com\\\/en\\\/\",\"url\":\"https:\\\/\\\/arv-argentina.com\\\/en\\\/\",\"name\":\"ARV Argentina | Consultores Tributarios y Auditores\",\"isPartOf\":{\"@id\":\"https:\\\/\\\/arv-argentina.com\\\/en\\\/#website\"},\"primaryImageOfPage\":{\"@id\":\"https:\\\/\\\/arv-argentina.com\\\/en\\\/#primaryimage\"},\"image\":{\"@id\":\"https:\\\/\\\/arv-argentina.com\\\/#primaryimage\"},\"thumbnailUrl\":\"https:\\\/\\\/arv-argentina.com\\\/wp-content\\\/uploads\\\/2014\\\/04\\\/aboutme.png\",\"datePublished\":\"2025-06-03T18:47:48+00:00\",\"dateModified\":\"2025-06-28T01:00:50+00:00\",\"description\":\"Especialistas en Asesoramiento Impositivo. Desde 1992 brindado servicios a Empresas, Pymes y Profesionales. Consultores Tributarios y Auditores\",\"breadcrumb\":{\"@id\":\"https:\\\/\\\/arv-argentina.com\\\/en\\\/#breadcrumb\"},\"inLanguage\":\"en-US\",\"potentialAction\":[{\"@type\":\"ReadAction\",\"target\":[[\"https:\\\/\\\/arv-argentina.com\\\/en\\\/\"]]}]},{\"@type\":\"ImageObject\",\"inLanguage\":\"en-US\",\"@id\":\"https:\\\/\\\/arv-argentina.com\\\/en\\\/#primaryimage\",\"url\":\"https:\\\/\\\/arv-argentina.com\\\/wp-content\\\/uploads\\\/2014\\\/04\\\/aboutme.png\",\"contentUrl\":\"https:\\\/\\\/arv-argentina.com\\\/wp-content\\\/uploads\\\/2014\\\/04\\\/aboutme.png\"},{\"@type\":\"BreadcrumbList\",\"@id\":\"https:\\\/\\\/arv-argentina.com\\\/en\\\/#breadcrumb\",\"itemListElement\":[{\"@type\":\"ListItem\",\"position\":1,\"name\":\"Portada\",\"item\":\"https:\\\/\\\/arv-argentina.com\\\/en\\\/\"},{\"@type\":\"ListItem\",\"position\":2,\"name\":\"Home\"}]},{\"@type\":\"WebSite\",\"@id\":\"https:\\\/\\\/arv-argentina.com\\\/en\\\/#website\",\"url\":\"https:\\\/\\\/arv-argentina.com\\\/en\\\/\",\"name\":\"ARV Argentina | Alvarez Roperti Venegas Consultores Tributarios &amp; Auditores\",\"description\":\"Especialistas en Consultor\u00eda Tributaria y Auditor\u00edaEspecialistas en consultor\u00eda Tributaria y Auditor\u00eda\",\"publisher\":{\"@id\":\"https:\\\/\\\/arv-argentina.com\\\/en\\\/#organization\"},\"potentialAction\":[{\"@type\":\"SearchAction\",\"target\":{\"@type\":\"EntryPoint\",\"urlTemplate\":\"https:\\\/\\\/arv-argentina.com\\\/en\\\/?s={search_term_string}\"},\"query-input\":{\"@type\":\"PropertyValueSpecification\",\"valueRequired\":true,\"valueName\":\"search_term_string\"}}],\"inLanguage\":\"en-US\"},{\"@type\":\"Organization\",\"@id\":\"https:\\\/\\\/arv-argentina.com\\\/en\\\/#organization\",\"name\":\"ARV Argentina\",\"url\":\"https:\\\/\\\/arv-argentina.com\\\/en\\\/\",\"logo\":{\"@type\":\"ImageObject\",\"inLanguage\":\"en-US\",\"@id\":\"https:\\\/\\\/arv-argentina.com\\\/en\\\/#\\\/schema\\\/logo\\\/image\\\/\",\"url\":\"http:\\\/\\\/arv-argentina.com\\\/wp-content\\\/uploads\\\/2016\\\/10\\\/arv-logo-head1.png\",\"contentUrl\":\"http:\\\/\\\/arv-argentina.com\\\/wp-content\\\/uploads\\\/2016\\\/10\\\/arv-logo-head1.png\",\"width\":133,\"height\":54,\"caption\":\"ARV Argentina\"},\"image\":{\"@id\":\"https:\\\/\\\/arv-argentina.com\\\/en\\\/#\\\/schema\\\/logo\\\/image\\\/\"}}]}<\/script>\n<!-- \/ Yoast SEO plugin. -->","yoast_head_json":{"title":"ARV Argentina | Consultores Tributarios y Auditores","description":"Especialistas en Asesoramiento Impositivo. Desde 1992 brindado servicios a Empresas, Pymes y Profesionales. Consultores Tributarios y Auditores","robots":{"index":"index","follow":"follow","max-snippet":"max-snippet:-1","max-image-preview":"max-image-preview:large","max-video-preview":"max-video-preview:-1"},"canonical":"https:\/\/arv-argentina.com\/en\/","og_locale":"en_US","og_type":"article","og_title":"ARV Argentina | Consultores Tributarios y Auditores","og_description":"Especialistas en Asesoramiento Impositivo. Desde 1992 brindado servicios a Empresas, Pymes y Profesionales. Consultores Tributarios y Auditores","og_url":"https:\/\/arv-argentina.com\/en\/","og_site_name":"ARV Argentina | Alvarez Roperti Venegas Consultores Tributarios &amp; Auditores","article_modified_time":"2025-06-28T01:00:50+00:00","og_image":[{"url":"https:\/\/arv-argentina.com\/wp-content\/uploads\/2014\/04\/aboutme.png","type":"","width":"","height":""}],"twitter_card":"summary_large_image","twitter_misc":{"Est. reading time":"8 minutes"},"schema":{"@context":"https:\/\/schema.org","@graph":[{"@type":"WebPage","@id":"https:\/\/arv-argentina.com\/en\/","url":"https:\/\/arv-argentina.com\/en\/","name":"ARV Argentina | Consultores Tributarios y Auditores","isPartOf":{"@id":"https:\/\/arv-argentina.com\/en\/#website"},"primaryImageOfPage":{"@id":"https:\/\/arv-argentina.com\/en\/#primaryimage"},"image":{"@id":"https:\/\/arv-argentina.com\/#primaryimage"},"thumbnailUrl":"https:\/\/arv-argentina.com\/wp-content\/uploads\/2014\/04\/aboutme.png","datePublished":"2025-06-03T18:47:48+00:00","dateModified":"2025-06-28T01:00:50+00:00","description":"Especialistas en Asesoramiento Impositivo. Desde 1992 brindado servicios a Empresas, Pymes y Profesionales. Consultores Tributarios y Auditores","breadcrumb":{"@id":"https:\/\/arv-argentina.com\/en\/#breadcrumb"},"inLanguage":"en-US","potentialAction":[{"@type":"ReadAction","target":[["https:\/\/arv-argentina.com\/en\/"]]}]},{"@type":"ImageObject","inLanguage":"en-US","@id":"https:\/\/arv-argentina.com\/en\/#primaryimage","url":"https:\/\/arv-argentina.com\/wp-content\/uploads\/2014\/04\/aboutme.png","contentUrl":"https:\/\/arv-argentina.com\/wp-content\/uploads\/2014\/04\/aboutme.png"},{"@type":"BreadcrumbList","@id":"https:\/\/arv-argentina.com\/en\/#breadcrumb","itemListElement":[{"@type":"ListItem","position":1,"name":"Portada","item":"https:\/\/arv-argentina.com\/en\/"},{"@type":"ListItem","position":2,"name":"Home"}]},{"@type":"WebSite","@id":"https:\/\/arv-argentina.com\/en\/#website","url":"https:\/\/arv-argentina.com\/en\/","name":"ARV Argentina | Alvarez Roperti Venegas Consultores Tributarios &amp; Auditores","description":"Especialistas en Consultor\u00eda Tributaria y Auditor\u00edaEspecialistas en consultor\u00eda Tributaria y Auditor\u00eda","publisher":{"@id":"https:\/\/arv-argentina.com\/en\/#organization"},"potentialAction":[{"@type":"SearchAction","target":{"@type":"EntryPoint","urlTemplate":"https:\/\/arv-argentina.com\/en\/?s={search_term_string}"},"query-input":{"@type":"PropertyValueSpecification","valueRequired":true,"valueName":"search_term_string"}}],"inLanguage":"en-US"},{"@type":"Organization","@id":"https:\/\/arv-argentina.com\/en\/#organization","name":"ARV Argentina","url":"https:\/\/arv-argentina.com\/en\/","logo":{"@type":"ImageObject","inLanguage":"en-US","@id":"https:\/\/arv-argentina.com\/en\/#\/schema\/logo\/image\/","url":"http:\/\/arv-argentina.com\/wp-content\/uploads\/2016\/10\/arv-logo-head1.png","contentUrl":"http:\/\/arv-argentina.com\/wp-content\/uploads\/2016\/10\/arv-logo-head1.png","width":133,"height":54,"caption":"ARV Argentina"},"image":{"@id":"https:\/\/arv-argentina.com\/en\/#\/schema\/logo\/image\/"}}]}},"_links":{"self":[{"href":"https:\/\/arv-argentina.com\/en\/wp-json\/wp\/v2\/pages\/15234","targetHints":{"allow":["GET"]}}],"collection":[{"href":"https:\/\/arv-argentina.com\/en\/wp-json\/wp\/v2\/pages"}],"about":[{"href":"https:\/\/arv-argentina.com\/en\/wp-json\/wp\/v2\/types\/page"}],"author":[{"embeddable":true,"href":"https:\/\/arv-argentina.com\/en\/wp-json\/wp\/v2\/users\/1"}],"replies":[{"embeddable":true,"href":"https:\/\/arv-argentina.com\/en\/wp-json\/wp\/v2\/comments?post=15234"}],"version-history":[{"count":15,"href":"https:\/\/arv-argentina.com\/en\/wp-json\/wp\/v2\/pages\/15234\/revisions"}],"predecessor-version":[{"id":19779,"href":"https:\/\/arv-argentina.com\/en\/wp-json\/wp\/v2\/pages\/15234\/revisions\/19779"}],"wp:attachment":[{"href":"https:\/\/arv-argentina.com\/en\/wp-json\/wp\/v2\/media?parent=15234"}],"curies":[{"name":"wp","href":"https:\/\/api.w.org\/{rel}","templated":true}]}}