{"id":16121,"date":"2016-10-04T14:26:59","date_gmt":"2016-10-04T17:26:59","guid":{"rendered":"http:\/\/arvargen-cp514.wordpresstemporal.com\/?page_id=16121"},"modified":"2024-09-02T14:00:26","modified_gmt":"2024-09-02T17:00:26","slug":"outsourcing","status":"publish","type":"page","link":"https:\/\/arv-argentina.com\/en\/outsourcing\/","title":{"rendered":"Outsourcing"},"content":{"rendered":"<div class=\"wpb-content-wrapper\"><p>[vc_row css_animation=&#8221;&#8221; row_type=&#8221;row&#8221; use_row_as_full_screen_section=&#8221;no&#8221; type=&#8221;grid&#8221; anchor=&#8221;portfolio&#8221; angled_section=&#8221;no&#8221; text_align=&#8221;left&#8221; background_image_as_pattern=&#8221;without_pattern&#8221; background_color=&#8221;#ffffff&#8221; border_color=&#8221;#eeeeee&#8221; padding_top=&#8221;80&#8243; padding_bottom=&#8221;0&#8243;][vc_column][vc_row_inner row_type=&#8221;row&#8221; type=&#8221;full_width&#8221; text_align=&#8221;left&#8221; css_animation=&#8221;&#8221;][vc_column_inner][vc_column_text css=&#8221;&#8221;]<\/p>\n<h1><span style=\"color: #000080;\">Outsourcing<\/span><\/h1>\n<p>&nbsp;<\/p>\n<p><strong>Focus on the strategic aspects of your company and leave specialized tasks to our professionals.<\/strong><\/p>\n<p>&nbsp;<\/p>\n<p>Outsourcing allows businesses to concentrate resources on areas of competitive advantage, delegating tasks like accounting.[\/vc_column_text][vc_separator type=&#8221;normal&#8221; color=&#8221;#f4f4f4&#8243; up=&#8221;36&#8243; down=&#8221;36&#8243;][vc_empty_space height=&#8221;42px&#8221;][\/vc_column_inner][\/vc_row_inner][vc_column_text css=&#8221;&#8221;]<\/p>\n<h3>BOOKKEEPING<\/h3>\n<p>&nbsp;<\/p>\n<p>We offer external processing of accounting information, ensuring cost savings, reliability, and fast reporting.<br \/>\n<strong>Option 1:<\/strong> Use our accounting software.<br \/>\n<strong>Option 2:<\/strong> Use the client\u2019s software via the internet.<\/p>\n<p>&nbsp;<\/p>\n<p>&nbsp;<\/p>\n<h3>EXTERNAL AUDIT SUPPORT<\/h3>\n<p>&nbsp;<\/p>\n<p>For foreign-owned companies, we prepare information for annual external audits, using international consultancy standards. This enhances efficiency and reduces audit hours, leading to significant cost savings.<\/p>\n<p>&nbsp;<\/p>\n<p>&nbsp;<\/p>\n<h3>MANAGEMENT REPORTING, CONSOLIDATION, AND REPORTING<\/h3>\n<p>&nbsp;<\/p>\n<p>Our specialized team designs management reports for boards, shareholders, and parent companies, consolidating information, defining indicators, and presenting projections. We participate in meetings to discuss issues and provide recommendations. For foreign-owned companies, we prepare monthly and\/or annual financial packages according to international standards in the relevant language.<\/p>\n<p>&nbsp;<\/p>\n<p>&nbsp;<\/p>\n<h3>TAX FILING<\/h3>\n<p>&nbsp;<\/p>\n<p>Our team manages periodic tax filings, such as VAT, gross income tax, internal taxes, and more, allowing you to focus on key aspects of your business.<\/p>\n<p>&nbsp;<\/p>\n<p>&nbsp;<\/p>\n<h3>START-UPS<\/h3>\n<p>&nbsp;<\/p>\n<p>We provide advisory services on the incorporation and registration of companies, including all legal and tax aspects, from tax registration to book registration and the establishment of accounting processes.<\/p>\n<p>&nbsp;<\/p>\n<p>&nbsp;<\/p>\n<h3>CORPORATE LEGAL SERVICES<\/h3>\n<p>&nbsp;<\/p>\n<p>We handle the preparation of board and shareholders&#8217; meeting minutes, capital increase registrations, and annual information submissions to the General Inspection of Justice.<\/p>\n<p>&nbsp;<\/p>\n<p>&nbsp;<\/p>\n<h3>PAYROLL MANAGEMENT<\/h3>\n<p>&nbsp;<\/p>\n<p>Delegate payroll management to our specialized team, allowing HR managers to focus on developing the technical and human potential of their personnel.<br \/>\nOur services include:<\/p>\n<ul>\n<li>Reviewing payroll concepts (remuneration, withholdings, loans, etc.).<\/li>\n<li>Reviewing the application of relevant agreements.<\/li>\n<li>Surveying reports useful for personnel administration.<\/li>\n<li>Scheduling tasks: initial data entry, payroll updates, payroll control, crediting, and training.<\/li>\n<li>Employee data entry into the system.<\/li>\n<li>Adapting the structure and payroll formulas.<\/li>\n<li>Controlling payroll concepts.<\/li>\n<li>Providing requested reports.<\/li>\n<\/ul>\n<p>[\/vc_column_text][vc_empty_space height=&#8221;62px&#8221;][vc_empty_space height=&#8221;52px&#8221;][\/vc_column][\/vc_row]<\/p>\n<\/div>","protected":false},"excerpt":{"rendered":"<p>[vc_row css_animation=&#8221;&#8221; row_type=&#8221;row&#8221; use_row_as_full_screen_section=&#8221;no&#8221; type=&#8221;grid&#8221; anchor=&#8221;portfolio&#8221; angled_section=&#8221;no&#8221; text_align=&#8221;left&#8221; background_image_as_pattern=&#8221;without_pattern&#8221; background_color=&#8221;#ffffff&#8221; border_color=&#8221;#eeeeee&#8221; padding_top=&#8221;80&#8243; padding_bottom=&#8221;0&#8243;][vc_column][vc_row_inner row_type=&#8221;row&#8221; type=&#8221;full_width&#8221; text_align=&#8221;left&#8221; css_animation=&#8221;&#8221;][vc_column_inner][vc_column_text css=&#8221;&#8221;] Outsourcing &nbsp; Focus on the strategic aspects of your company and leave specialized tasks to our professionals. &nbsp; Outsourcing allows businesses to concentrate resources on areas of&#8230;<\/p>\n","protected":false},"author":1,"featured_media":0,"parent":0,"menu_order":0,"comment_status":"open","ping_status":"open","template":"full_width.php","meta":{"footnotes":""},"class_list":["post-16121","page","type-page","status-publish","hentry"],"yoast_head":"<!-- This site is optimized with the Yoast SEO plugin v27.4 - https:\/\/yoast.com\/product\/yoast-seo-wordpress\/ -->\n<title>Outsourcing - ARV Argentina | Alvarez Roperti Venegas Consultores Tributarios &amp; Auditores<\/title>\n<meta name=\"robots\" content=\"index, follow, max-snippet:-1, max-image-preview:large, max-video-preview:-1\" \/>\n<link rel=\"canonical\" href=\"https:\/\/arv-argentina.com\/en\/outsourcing\/\" \/>\n<meta property=\"og:locale\" content=\"en_US\" \/>\n<meta property=\"og:type\" content=\"article\" \/>\n<meta property=\"og:title\" content=\"Outsourcing - ARV Argentina | Alvarez Roperti Venegas Consultores Tributarios &amp; Auditores\" \/>\n<meta property=\"og:description\" content=\"[vc_row css_animation=&#8221;&#8221; row_type=&#8221;row&#8221; use_row_as_full_screen_section=&#8221;no&#8221; type=&#8221;grid&#8221; anchor=&#8221;portfolio&#8221; angled_section=&#8221;no&#8221; text_align=&#8221;left&#8221; background_image_as_pattern=&#8221;without_pattern&#8221; background_color=&#8221;#ffffff&#8221; border_color=&#8221;#eeeeee&#8221; padding_top=&#8221;80&#8243; padding_bottom=&#8221;0&#8243;][vc_column][vc_row_inner row_type=&#8221;row&#8221; type=&#8221;full_width&#8221; text_align=&#8221;left&#8221; css_animation=&#8221;&#8221;][vc_column_inner][vc_column_text css=&#8221;&#8221;] Outsourcing &nbsp; Focus on the strategic aspects of your company and leave specialized tasks to our professionals. &nbsp; Outsourcing allows businesses to concentrate resources on areas of...\" \/>\n<meta property=\"og:url\" content=\"https:\/\/arv-argentina.com\/en\/outsourcing\/\" \/>\n<meta property=\"og:site_name\" content=\"ARV Argentina | Alvarez Roperti Venegas Consultores Tributarios &amp; Auditores\" \/>\n<meta property=\"article:modified_time\" content=\"2024-09-02T17:00:26+00:00\" \/>\n<meta name=\"twitter:card\" content=\"summary_large_image\" \/>\n<meta name=\"twitter:label1\" content=\"Est. reading time\" \/>\n\t<meta name=\"twitter:data1\" content=\"2 minutes\" \/>\n<script type=\"application\/ld+json\" class=\"yoast-schema-graph\">{\"@context\":\"https:\\\/\\\/schema.org\",\"@graph\":[{\"@type\":\"WebPage\",\"@id\":\"https:\\\/\\\/arv-argentina.com\\\/en\\\/outsourcing\\\/\",\"url\":\"https:\\\/\\\/arv-argentina.com\\\/en\\\/outsourcing\\\/\",\"name\":\"Outsourcing - ARV Argentina | Alvarez Roperti Venegas Consultores Tributarios &amp; Auditores\",\"isPartOf\":{\"@id\":\"https:\\\/\\\/arv-argentina.com\\\/en\\\/#website\"},\"datePublished\":\"2016-10-04T17:26:59+00:00\",\"dateModified\":\"2024-09-02T17:00:26+00:00\",\"breadcrumb\":{\"@id\":\"https:\\\/\\\/arv-argentina.com\\\/en\\\/outsourcing\\\/#breadcrumb\"},\"inLanguage\":\"en-US\",\"potentialAction\":[{\"@type\":\"ReadAction\",\"target\":[[\"https:\\\/\\\/arv-argentina.com\\\/en\\\/outsourcing\\\/\"]]}]},{\"@type\":\"BreadcrumbList\",\"@id\":\"https:\\\/\\\/arv-argentina.com\\\/en\\\/outsourcing\\\/#breadcrumb\",\"itemListElement\":[{\"@type\":\"ListItem\",\"position\":1,\"name\":\"Portada\",\"item\":\"https:\\\/\\\/arv-argentina.com\\\/en\\\/\"},{\"@type\":\"ListItem\",\"position\":2,\"name\":\"Outsourcing\"}]},{\"@type\":\"WebSite\",\"@id\":\"https:\\\/\\\/arv-argentina.com\\\/en\\\/#website\",\"url\":\"https:\\\/\\\/arv-argentina.com\\\/en\\\/\",\"name\":\"ARV Argentina | Alvarez Roperti Venegas Consultores Tributarios &amp; Auditores\",\"description\":\"Especialistas en Consultor\u00eda Tributaria y Auditor\u00edaEspecialistas en consultor\u00eda Tributaria y Auditor\u00eda\",\"publisher\":{\"@id\":\"https:\\\/\\\/arv-argentina.com\\\/en\\\/#organization\"},\"potentialAction\":[{\"@type\":\"SearchAction\",\"target\":{\"@type\":\"EntryPoint\",\"urlTemplate\":\"https:\\\/\\\/arv-argentina.com\\\/en\\\/?s={search_term_string}\"},\"query-input\":{\"@type\":\"PropertyValueSpecification\",\"valueRequired\":true,\"valueName\":\"search_term_string\"}}],\"inLanguage\":\"en-US\"},{\"@type\":\"Organization\",\"@id\":\"https:\\\/\\\/arv-argentina.com\\\/en\\\/#organization\",\"name\":\"ARV Argentina\",\"url\":\"https:\\\/\\\/arv-argentina.com\\\/en\\\/\",\"logo\":{\"@type\":\"ImageObject\",\"inLanguage\":\"en-US\",\"@id\":\"https:\\\/\\\/arv-argentina.com\\\/en\\\/#\\\/schema\\\/logo\\\/image\\\/\",\"url\":\"http:\\\/\\\/arv-argentina.com\\\/wp-content\\\/uploads\\\/2016\\\/10\\\/arv-logo-head1.png\",\"contentUrl\":\"http:\\\/\\\/arv-argentina.com\\\/wp-content\\\/uploads\\\/2016\\\/10\\\/arv-logo-head1.png\",\"width\":133,\"height\":54,\"caption\":\"ARV Argentina\"},\"image\":{\"@id\":\"https:\\\/\\\/arv-argentina.com\\\/en\\\/#\\\/schema\\\/logo\\\/image\\\/\"}}]}<\/script>\n<!-- \/ Yoast SEO plugin. -->","yoast_head_json":{"title":"Outsourcing - ARV Argentina | Alvarez Roperti Venegas Consultores Tributarios &amp; Auditores","robots":{"index":"index","follow":"follow","max-snippet":"max-snippet:-1","max-image-preview":"max-image-preview:large","max-video-preview":"max-video-preview:-1"},"canonical":"https:\/\/arv-argentina.com\/en\/outsourcing\/","og_locale":"en_US","og_type":"article","og_title":"Outsourcing - ARV Argentina | Alvarez Roperti Venegas Consultores Tributarios &amp; Auditores","og_description":"[vc_row css_animation=&#8221;&#8221; row_type=&#8221;row&#8221; use_row_as_full_screen_section=&#8221;no&#8221; type=&#8221;grid&#8221; anchor=&#8221;portfolio&#8221; angled_section=&#8221;no&#8221; text_align=&#8221;left&#8221; background_image_as_pattern=&#8221;without_pattern&#8221; background_color=&#8221;#ffffff&#8221; border_color=&#8221;#eeeeee&#8221; padding_top=&#8221;80&#8243; padding_bottom=&#8221;0&#8243;][vc_column][vc_row_inner row_type=&#8221;row&#8221; type=&#8221;full_width&#8221; text_align=&#8221;left&#8221; css_animation=&#8221;&#8221;][vc_column_inner][vc_column_text css=&#8221;&#8221;] Outsourcing &nbsp; Focus on the strategic aspects of your company and leave specialized tasks to our professionals. &nbsp; Outsourcing allows businesses to concentrate resources on areas of...","og_url":"https:\/\/arv-argentina.com\/en\/outsourcing\/","og_site_name":"ARV Argentina | Alvarez Roperti Venegas Consultores Tributarios &amp; Auditores","article_modified_time":"2024-09-02T17:00:26+00:00","twitter_card":"summary_large_image","twitter_misc":{"Est. reading time":"2 minutes"},"schema":{"@context":"https:\/\/schema.org","@graph":[{"@type":"WebPage","@id":"https:\/\/arv-argentina.com\/en\/outsourcing\/","url":"https:\/\/arv-argentina.com\/en\/outsourcing\/","name":"Outsourcing - ARV Argentina | Alvarez Roperti Venegas Consultores Tributarios &amp; Auditores","isPartOf":{"@id":"https:\/\/arv-argentina.com\/en\/#website"},"datePublished":"2016-10-04T17:26:59+00:00","dateModified":"2024-09-02T17:00:26+00:00","breadcrumb":{"@id":"https:\/\/arv-argentina.com\/en\/outsourcing\/#breadcrumb"},"inLanguage":"en-US","potentialAction":[{"@type":"ReadAction","target":[["https:\/\/arv-argentina.com\/en\/outsourcing\/"]]}]},{"@type":"BreadcrumbList","@id":"https:\/\/arv-argentina.com\/en\/outsourcing\/#breadcrumb","itemListElement":[{"@type":"ListItem","position":1,"name":"Portada","item":"https:\/\/arv-argentina.com\/en\/"},{"@type":"ListItem","position":2,"name":"Outsourcing"}]},{"@type":"WebSite","@id":"https:\/\/arv-argentina.com\/en\/#website","url":"https:\/\/arv-argentina.com\/en\/","name":"ARV Argentina | Alvarez Roperti Venegas Consultores Tributarios &amp; Auditores","description":"Especialistas en Consultor\u00eda Tributaria y Auditor\u00edaEspecialistas en consultor\u00eda Tributaria y Auditor\u00eda","publisher":{"@id":"https:\/\/arv-argentina.com\/en\/#organization"},"potentialAction":[{"@type":"SearchAction","target":{"@type":"EntryPoint","urlTemplate":"https:\/\/arv-argentina.com\/en\/?s={search_term_string}"},"query-input":{"@type":"PropertyValueSpecification","valueRequired":true,"valueName":"search_term_string"}}],"inLanguage":"en-US"},{"@type":"Organization","@id":"https:\/\/arv-argentina.com\/en\/#organization","name":"ARV Argentina","url":"https:\/\/arv-argentina.com\/en\/","logo":{"@type":"ImageObject","inLanguage":"en-US","@id":"https:\/\/arv-argentina.com\/en\/#\/schema\/logo\/image\/","url":"http:\/\/arv-argentina.com\/wp-content\/uploads\/2016\/10\/arv-logo-head1.png","contentUrl":"http:\/\/arv-argentina.com\/wp-content\/uploads\/2016\/10\/arv-logo-head1.png","width":133,"height":54,"caption":"ARV Argentina"},"image":{"@id":"https:\/\/arv-argentina.com\/en\/#\/schema\/logo\/image\/"}}]}},"_links":{"self":[{"href":"https:\/\/arv-argentina.com\/en\/wp-json\/wp\/v2\/pages\/16121","targetHints":{"allow":["GET"]}}],"collection":[{"href":"https:\/\/arv-argentina.com\/en\/wp-json\/wp\/v2\/pages"}],"about":[{"href":"https:\/\/arv-argentina.com\/en\/wp-json\/wp\/v2\/types\/page"}],"author":[{"embeddable":true,"href":"https:\/\/arv-argentina.com\/en\/wp-json\/wp\/v2\/users\/1"}],"replies":[{"embeddable":true,"href":"https:\/\/arv-argentina.com\/en\/wp-json\/wp\/v2\/comments?post=16121"}],"version-history":[{"count":33,"href":"https:\/\/arv-argentina.com\/en\/wp-json\/wp\/v2\/pages\/16121\/revisions"}],"predecessor-version":[{"id":19549,"href":"https:\/\/arv-argentina.com\/en\/wp-json\/wp\/v2\/pages\/16121\/revisions\/19549"}],"wp:attachment":[{"href":"https:\/\/arv-argentina.com\/en\/wp-json\/wp\/v2\/media?parent=16121"}],"curies":[{"name":"wp","href":"https:\/\/api.w.org\/{rel}","templated":true}]}}