{"id":16123,"date":"2022-07-04T14:27:31","date_gmt":"2022-07-04T17:27:31","guid":{"rendered":"http:\/\/arvargen-cp514.wordpresstemporal.com\/?page_id=16123"},"modified":"2024-09-02T14:04:03","modified_gmt":"2024-09-02T17:04:03","slug":"impuestos","status":"publish","type":"page","link":"https:\/\/arv-argentina.com\/en\/impuestos\/","title":{"rendered":"Taxes"},"content":{"rendered":"<div class=\"wpb-content-wrapper\"><p>[vc_row css_animation=&#8221;&#8221; row_type=&#8221;row&#8221; use_row_as_full_screen_section=&#8221;no&#8221; type=&#8221;grid&#8221; anchor=&#8221;portfolio&#8221; angled_section=&#8221;no&#8221; text_align=&#8221;left&#8221; background_image_as_pattern=&#8221;without_pattern&#8221; background_color=&#8221;#ffffff&#8221; border_color=&#8221;#eeeeee&#8221; padding_top=&#8221;80&#8243; padding_bottom=&#8221;0&#8243;][vc_column][vc_row_inner row_type=&#8221;row&#8221; type=&#8221;full_width&#8221; text_align=&#8221;left&#8221; css_animation=&#8221;&#8221;][vc_column_inner][vc_column_text css=&#8221;&#8221;]<\/p>\n<h1><span style=\"color: #000080;\">Taxes<\/span><\/h1>\n<p>&nbsp;<\/p>\n<p><strong>We believe that the most effective advisory services are delivered through personal, frequent, and coordinated contact with our clients. The true challenge lies in supporting companies and their executives in all business developments, as tax issues are interconnected with every aspect of the business.<\/strong><\/p>\n<p>&nbsp;<\/p>\n<p>Therefore, we go beyond the technicalities of tax filing and payment; we also provide strategic planning by identifying opportunities, challenges, and weaknesses from a tax perspective to facilitate informed fiscal planning and control.<\/p>\n<p>&nbsp;<\/p>\n<p>Our team comprises experienced professionals dedicated exclusively to the following services:[\/vc_column_text][vc_separator type=&#8221;normal&#8221; color=&#8221;#f4f4f4&#8243; up=&#8221;36&#8243; down=&#8221;36&#8243;][\/vc_column_inner][\/vc_row_inner][vc_column_text css=&#8221;&#8221;][\/vc_column_text][vc_empty_space][vc_column_text css=&#8221;&#8221;]<\/p>\n<h3>TAX ADVISORY<\/h3>\n<p>&nbsp;<\/p>\n<p>We handle all types of inquiries, including:<\/p>\n<ul>\n<li>Evaluation of applicable alternatives<\/li>\n<li>Specific issues (foreign investments, industrial promotion, corporate reorganizations, etc.)<\/li>\n<li>Future tax position of the client<\/li>\n<li>Periodic updates on relevant tax topics<\/li>\n<\/ul>\n<p>&nbsp;<\/p>\n<p>&nbsp;<\/p>\n<h3>TAX PLANNING<\/h3>\n<p>&nbsp;<\/p>\n<p>Argentine tax legislation has undergone numerous changes due to business globalization. Companies must carefully determine the location of their assets and activities to minimize tax burdens.<\/p>\n<p>&nbsp;<\/p>\n<p>&nbsp;<\/p>\n<h3>PREPARATION OR REVIEW OF TAX RETURNS FOR COMPANIES AND INDIVIDUALS<\/h3>\n<p>&nbsp;<\/p>\n<p>This service involves analyzing the best alternatives for the client, considering:<\/p>\n<ul>\n<li>Planning the tax position for the fiscal year through the analysis of operations, results, tax, and accounting criteria<\/li>\n<li>Specific understanding of operations through document analysis<\/li>\n<\/ul>\n<p>&nbsp;<\/p>\n<p>&nbsp;<\/p>\n<h3>TAX INSPECTIONS SUPPORT<\/h3>\n<p>&nbsp;<\/p>\n<p>We assist companies in meeting tax authority requirements, providing technical support for the tax criteria used.<\/p>\n<p>&nbsp;<\/p>\n<p>&nbsp;<\/p>\n<h3>SPECIFIC INQUIRIES<\/h3>\n<p>&nbsp;<\/p>\n<p>We address complex queries and conceptual analyses.<\/p>\n<p>&nbsp;<\/p>\n<p>&nbsp;<\/p>\n<h3>TAX AUDIT<\/h3>\n<p>&nbsp;<\/p>\n<p>Includes internal administrative procedures, withholding systems, registration, etc.<\/p>\n<p>&nbsp;<\/p>\n<p>&nbsp;<\/p>\n<h3>DEFENSE BEFORE TAX AND JUDICIAL AUTHORITIES<\/h3>\n<p>&nbsp;<\/p>\n<p>We provide legal advice in:<\/p>\n<ul>\n<li>Preparation of documents (responses, resolutions, filing of appeals)<\/li>\n<li>Acting as expert witnesses<\/li>\n<li>Assisting legal advisors of companies<\/li>\n<li>Tax litigation<\/li>\n<\/ul>\n<p>&nbsp;<\/p>\n<p>&nbsp;<\/p>\n<h3>INTERNATIONAL TAX SERVICES<\/h3>\n<p>&nbsp;<\/p>\n<p>Our services include:<\/p>\n<ul>\n<li>Defining investment policies to minimize tax burdens<\/li>\n<li>Strategies for utilizing deductions, exemptions, and tax incentives<\/li>\n<li>Optimization of techniques like transfer pricing, loans, and royalties<\/li>\n<li>Maximization of international tax treaties<\/li>\n<li>Tax policies related to employee compensation<\/li>\n<\/ul>\n<p>&nbsp;<\/p>\n<p>&nbsp;<\/p>\n<h3>TRANSFER PRICING<\/h3>\n<p>&nbsp;<\/p>\n<p>We assess whether intercompany transactions comply with the arm\u2019s length principle.<\/p>\n<p>&nbsp;<\/p>\n<p>&nbsp;<\/p>\n<h3>TAX RECOVERY<\/h3>\n<p>&nbsp;<\/p>\n<p>We assist in the recovery of tax credits generated by excessive withholdings and collections:<\/p>\n<ul>\n<li>Preparation of applications for the refund, accreditation, or transfer of tax credits related to exports<\/li>\n<li>Applications for refunds of national and provincial taxes for free availability<\/li>\n<\/ul>\n<p>&nbsp;<\/p>\n<p>&nbsp;<\/p>\n<h3>INFORMATION BULLETINS<\/h3>\n<p>&nbsp;<\/p>\n<p>We periodically publish summaries and interpretations of relevant tax updates.[\/vc_column_text][vc_empty_space height=&#8221;62px&#8221;][\/vc_column][\/vc_row]<\/p>\n<\/div>","protected":false},"excerpt":{"rendered":"<p>[vc_row css_animation=&#8221;&#8221; row_type=&#8221;row&#8221; use_row_as_full_screen_section=&#8221;no&#8221; type=&#8221;grid&#8221; anchor=&#8221;portfolio&#8221; angled_section=&#8221;no&#8221; text_align=&#8221;left&#8221; background_image_as_pattern=&#8221;without_pattern&#8221; background_color=&#8221;#ffffff&#8221; border_color=&#8221;#eeeeee&#8221; padding_top=&#8221;80&#8243; padding_bottom=&#8221;0&#8243;][vc_column][vc_row_inner row_type=&#8221;row&#8221; type=&#8221;full_width&#8221; text_align=&#8221;left&#8221; css_animation=&#8221;&#8221;][vc_column_inner][vc_column_text css=&#8221;&#8221;] Taxes &nbsp; We believe that the most effective advisory services are delivered through personal, frequent, and coordinated contact with our clients. The true challenge lies in supporting&#8230;<\/p>\n","protected":false},"author":1,"featured_media":0,"parent":0,"menu_order":0,"comment_status":"open","ping_status":"open","template":"full_width.php","meta":{"footnotes":""},"class_list":["post-16123","page","type-page","status-publish","hentry"],"yoast_head":"<!-- This site is optimized with the Yoast SEO plugin v27.0 - https:\/\/yoast.com\/product\/yoast-seo-wordpress\/ -->\n<title>Taxes - ARV Argentina | Alvarez Roperti Venegas Consultores Tributarios &amp; Auditores<\/title>\n<meta name=\"robots\" content=\"index, follow, max-snippet:-1, max-image-preview:large, max-video-preview:-1\" \/>\n<link rel=\"canonical\" href=\"https:\/\/arv-argentina.com\/en\/impuestos\/\" \/>\n<meta property=\"og:locale\" content=\"en_US\" \/>\n<meta property=\"og:type\" content=\"article\" \/>\n<meta property=\"og:title\" content=\"Taxes - ARV Argentina | Alvarez Roperti Venegas Consultores Tributarios &amp; Auditores\" \/>\n<meta property=\"og:description\" content=\"[vc_row css_animation=&#8221;&#8221; row_type=&#8221;row&#8221; use_row_as_full_screen_section=&#8221;no&#8221; type=&#8221;grid&#8221; anchor=&#8221;portfolio&#8221; angled_section=&#8221;no&#8221; text_align=&#8221;left&#8221; background_image_as_pattern=&#8221;without_pattern&#8221; background_color=&#8221;#ffffff&#8221; border_color=&#8221;#eeeeee&#8221; padding_top=&#8221;80&#8243; padding_bottom=&#8221;0&#8243;][vc_column][vc_row_inner row_type=&#8221;row&#8221; type=&#8221;full_width&#8221; text_align=&#8221;left&#8221; css_animation=&#8221;&#8221;][vc_column_inner][vc_column_text css=&#8221;&#8221;] Taxes &nbsp; We believe that the most effective advisory services are delivered through personal, frequent, and coordinated contact with our clients. The true challenge lies in supporting...\" \/>\n<meta property=\"og:url\" content=\"https:\/\/arv-argentina.com\/en\/impuestos\/\" \/>\n<meta property=\"og:site_name\" content=\"ARV Argentina | Alvarez Roperti Venegas Consultores Tributarios &amp; Auditores\" \/>\n<meta property=\"article:modified_time\" content=\"2024-09-02T17:04:03+00:00\" \/>\n<meta name=\"twitter:card\" content=\"summary_large_image\" \/>\n<meta name=\"twitter:label1\" content=\"Est. reading time\" \/>\n\t<meta name=\"twitter:data1\" content=\"2 minutes\" \/>\n<script type=\"application\/ld+json\" class=\"yoast-schema-graph\">{\"@context\":\"https:\/\/schema.org\",\"@graph\":[{\"@type\":\"WebPage\",\"@id\":\"https:\/\/arv-argentina.com\/en\/impuestos\/\",\"url\":\"https:\/\/arv-argentina.com\/en\/impuestos\/\",\"name\":\"Taxes - ARV Argentina | Alvarez Roperti Venegas Consultores Tributarios &amp; Auditores\",\"isPartOf\":{\"@id\":\"https:\/\/arv-argentina.com\/en\/#website\"},\"datePublished\":\"2022-07-04T17:27:31+00:00\",\"dateModified\":\"2024-09-02T17:04:03+00:00\",\"breadcrumb\":{\"@id\":\"https:\/\/arv-argentina.com\/en\/impuestos\/#breadcrumb\"},\"inLanguage\":\"en-US\",\"potentialAction\":[{\"@type\":\"ReadAction\",\"target\":[[\"https:\/\/arv-argentina.com\/en\/impuestos\/\"]]}]},{\"@type\":\"BreadcrumbList\",\"@id\":\"https:\/\/arv-argentina.com\/en\/impuestos\/#breadcrumb\",\"itemListElement\":[{\"@type\":\"ListItem\",\"position\":1,\"name\":\"Portada\",\"item\":\"https:\/\/arv-argentina.com\/en\/\"},{\"@type\":\"ListItem\",\"position\":2,\"name\":\"Taxes\"}]},{\"@type\":\"WebSite\",\"@id\":\"https:\/\/arv-argentina.com\/en\/#website\",\"url\":\"https:\/\/arv-argentina.com\/en\/\",\"name\":\"ARV Argentina | Alvarez Roperti Venegas Consultores Tributarios &amp; Auditores\",\"description\":\"Especialistas en Consultor\u00eda Tributaria y Auditor\u00edaEspecialistas en consultor\u00eda Tributaria y Auditor\u00eda\",\"publisher\":{\"@id\":\"https:\/\/arv-argentina.com\/en\/#organization\"},\"potentialAction\":[{\"@type\":\"SearchAction\",\"target\":{\"@type\":\"EntryPoint\",\"urlTemplate\":\"https:\/\/arv-argentina.com\/en\/?s={search_term_string}\"},\"query-input\":{\"@type\":\"PropertyValueSpecification\",\"valueRequired\":true,\"valueName\":\"search_term_string\"}}],\"inLanguage\":\"en-US\"},{\"@type\":\"Organization\",\"@id\":\"https:\/\/arv-argentina.com\/en\/#organization\",\"name\":\"ARV Argentina\",\"url\":\"https:\/\/arv-argentina.com\/en\/\",\"logo\":{\"@type\":\"ImageObject\",\"inLanguage\":\"en-US\",\"@id\":\"https:\/\/arv-argentina.com\/en\/#\/schema\/logo\/image\/\",\"url\":\"http:\/\/arv-argentina.com\/wp-content\/uploads\/2016\/10\/arv-logo-head1.png\",\"contentUrl\":\"http:\/\/arv-argentina.com\/wp-content\/uploads\/2016\/10\/arv-logo-head1.png\",\"width\":133,\"height\":54,\"caption\":\"ARV Argentina\"},\"image\":{\"@id\":\"https:\/\/arv-argentina.com\/en\/#\/schema\/logo\/image\/\"}}]}<\/script>\n<!-- \/ Yoast SEO plugin. -->","yoast_head_json":{"title":"Taxes - ARV Argentina | Alvarez Roperti Venegas Consultores Tributarios &amp; Auditores","robots":{"index":"index","follow":"follow","max-snippet":"max-snippet:-1","max-image-preview":"max-image-preview:large","max-video-preview":"max-video-preview:-1"},"canonical":"https:\/\/arv-argentina.com\/en\/impuestos\/","og_locale":"en_US","og_type":"article","og_title":"Taxes - ARV Argentina | Alvarez Roperti Venegas Consultores Tributarios &amp; Auditores","og_description":"[vc_row css_animation=&#8221;&#8221; row_type=&#8221;row&#8221; use_row_as_full_screen_section=&#8221;no&#8221; type=&#8221;grid&#8221; anchor=&#8221;portfolio&#8221; angled_section=&#8221;no&#8221; text_align=&#8221;left&#8221; background_image_as_pattern=&#8221;without_pattern&#8221; background_color=&#8221;#ffffff&#8221; border_color=&#8221;#eeeeee&#8221; padding_top=&#8221;80&#8243; padding_bottom=&#8221;0&#8243;][vc_column][vc_row_inner row_type=&#8221;row&#8221; type=&#8221;full_width&#8221; text_align=&#8221;left&#8221; css_animation=&#8221;&#8221;][vc_column_inner][vc_column_text css=&#8221;&#8221;] Taxes &nbsp; We believe that the most effective advisory services are delivered through personal, frequent, and coordinated contact with our clients. The true challenge lies in supporting...","og_url":"https:\/\/arv-argentina.com\/en\/impuestos\/","og_site_name":"ARV Argentina | Alvarez Roperti Venegas Consultores Tributarios &amp; Auditores","article_modified_time":"2024-09-02T17:04:03+00:00","twitter_card":"summary_large_image","twitter_misc":{"Est. reading time":"2 minutes"},"schema":{"@context":"https:\/\/schema.org","@graph":[{"@type":"WebPage","@id":"https:\/\/arv-argentina.com\/en\/impuestos\/","url":"https:\/\/arv-argentina.com\/en\/impuestos\/","name":"Taxes - ARV Argentina | Alvarez Roperti Venegas Consultores Tributarios &amp; Auditores","isPartOf":{"@id":"https:\/\/arv-argentina.com\/en\/#website"},"datePublished":"2022-07-04T17:27:31+00:00","dateModified":"2024-09-02T17:04:03+00:00","breadcrumb":{"@id":"https:\/\/arv-argentina.com\/en\/impuestos\/#breadcrumb"},"inLanguage":"en-US","potentialAction":[{"@type":"ReadAction","target":[["https:\/\/arv-argentina.com\/en\/impuestos\/"]]}]},{"@type":"BreadcrumbList","@id":"https:\/\/arv-argentina.com\/en\/impuestos\/#breadcrumb","itemListElement":[{"@type":"ListItem","position":1,"name":"Portada","item":"https:\/\/arv-argentina.com\/en\/"},{"@type":"ListItem","position":2,"name":"Taxes"}]},{"@type":"WebSite","@id":"https:\/\/arv-argentina.com\/en\/#website","url":"https:\/\/arv-argentina.com\/en\/","name":"ARV Argentina | Alvarez Roperti Venegas Consultores Tributarios &amp; Auditores","description":"Especialistas en Consultor\u00eda Tributaria y Auditor\u00edaEspecialistas en consultor\u00eda Tributaria y Auditor\u00eda","publisher":{"@id":"https:\/\/arv-argentina.com\/en\/#organization"},"potentialAction":[{"@type":"SearchAction","target":{"@type":"EntryPoint","urlTemplate":"https:\/\/arv-argentina.com\/en\/?s={search_term_string}"},"query-input":{"@type":"PropertyValueSpecification","valueRequired":true,"valueName":"search_term_string"}}],"inLanguage":"en-US"},{"@type":"Organization","@id":"https:\/\/arv-argentina.com\/en\/#organization","name":"ARV Argentina","url":"https:\/\/arv-argentina.com\/en\/","logo":{"@type":"ImageObject","inLanguage":"en-US","@id":"https:\/\/arv-argentina.com\/en\/#\/schema\/logo\/image\/","url":"http:\/\/arv-argentina.com\/wp-content\/uploads\/2016\/10\/arv-logo-head1.png","contentUrl":"http:\/\/arv-argentina.com\/wp-content\/uploads\/2016\/10\/arv-logo-head1.png","width":133,"height":54,"caption":"ARV Argentina"},"image":{"@id":"https:\/\/arv-argentina.com\/en\/#\/schema\/logo\/image\/"}}]}},"_links":{"self":[{"href":"https:\/\/arv-argentina.com\/en\/wp-json\/wp\/v2\/pages\/16123","targetHints":{"allow":["GET"]}}],"collection":[{"href":"https:\/\/arv-argentina.com\/en\/wp-json\/wp\/v2\/pages"}],"about":[{"href":"https:\/\/arv-argentina.com\/en\/wp-json\/wp\/v2\/types\/page"}],"author":[{"embeddable":true,"href":"https:\/\/arv-argentina.com\/en\/wp-json\/wp\/v2\/users\/1"}],"replies":[{"embeddable":true,"href":"https:\/\/arv-argentina.com\/en\/wp-json\/wp\/v2\/comments?post=16123"}],"version-history":[{"count":31,"href":"https:\/\/arv-argentina.com\/en\/wp-json\/wp\/v2\/pages\/16123\/revisions"}],"predecessor-version":[{"id":19551,"href":"https:\/\/arv-argentina.com\/en\/wp-json\/wp\/v2\/pages\/16123\/revisions\/19551"}],"wp:attachment":[{"href":"https:\/\/arv-argentina.com\/en\/wp-json\/wp\/v2\/media?parent=16123"}],"curies":[{"name":"wp","href":"https:\/\/api.w.org\/{rel}","templated":true}]}}