{"id":16099,"date":"2016-10-04T11:21:04","date_gmt":"2016-10-04T14:21:04","guid":{"rendered":"http:\/\/arvargen-cp514.wordpresstemporal.com\/?page_id=16099"},"modified":"2024-09-02T13:59:12","modified_gmt":"2024-09-02T16:59:12","slug":"auditoria","status":"publish","type":"page","link":"https:\/\/arv-argentina.com\/es\/auditoria\/","title":{"rendered":"AUDITORIA"},"content":{"rendered":"<div class=\"wpb-content-wrapper\"><p>[vc_row css_animation=\u00bb\u00bb row_type=\u00bbrow\u00bb use_row_as_full_screen_section=\u00bbno\u00bb type=\u00bbgrid\u00bb anchor=\u00bbportfolio\u00bb angled_section=\u00bbno\u00bb text_align=\u00bbleft\u00bb background_image_as_pattern=\u00bbwithout_pattern\u00bb background_color=\u00bb#ffffff\u00bb border_color=\u00bb#eeeeee\u00bb padding_top=\u00bb80&#8243; padding_bottom=\u00bb0&#8243;][vc_column][vc_row_inner row_type=\u00bbrow\u00bb type=\u00bbfull_width\u00bb text_align=\u00bbleft\u00bb css_animation=\u00bb\u00bb][vc_column_inner][vc_column_text css=\u00bb\u00bb]<\/p>\n<h1><span style=\"color: #000080;\">Auditoria<\/span><\/h1>\n<p>&nbsp;<\/p>\n<p><strong>Nuestro trabajo comienza con un exhaustivo conocimiento de la empresa, a fin de dise\u00f1ar un programa espec\u00edficamente adecuado de tareas de revisi\u00f3n que favorezca el crecimiento de nuestro cliente.<\/strong>[\/vc_column_text][vc_separator type=\u00bbnormal\u00bb color=\u00bb#f4f4f4&#8243; up=\u00bb10&#8243; down=\u00bb10&#8243;][\/vc_column_inner][\/vc_row_inner][vc_column_text css=\u00bb\u00bb]<\/p>\n<h3><\/h3>\n<p>&nbsp;<\/p>\n<h3><span style=\"font-weight: 400;\">AUDITOR\u00cdA DE ESTADOS CONTABLES<\/span><\/h3>\n<p>&nbsp;<\/p>\n<p><span style=\"font-weight: 400;\">Realizamos el examen de los estados contables de una sociedad seg\u00fan las normas de auditor\u00eda. Concebimos la auditor\u00eda externa como un elemento que contribuye al desarrollo de los objetivos de la organizaci\u00f3n. Los beneficios para la empresa incluyen:<\/span><\/p>\n<ul>\n<li style=\"font-weight: 400;\" aria-level=\"1\"><b>Proyecci\u00f3n hacia terceros<\/b><span style=\"font-weight: 400;\">: Mejorar la imagen de seriedad, integridad y solvencia.<\/span><\/li>\n<li style=\"font-weight: 400;\" aria-level=\"1\"><b>Seguridad interna<\/b><span style=\"font-weight: 400;\">: Asegurar la contabilidad de la informaci\u00f3n, sistemas y controles.<\/span><\/li>\n<li style=\"font-weight: 400;\" aria-level=\"1\"><b>Soluci\u00f3n de problemas<\/b><span style=\"font-weight: 400;\">: Brindar apoyo integral que mejore la organizaci\u00f3n.<\/span><\/li>\n<\/ul>\n<h3><\/h3>\n<p>&nbsp;<\/p>\n<p>&nbsp;<\/p>\n<h3><span style=\"font-weight: 400;\">AUDITOR\u00cdA PARA FINES ESPEC\u00cdFICOS<\/span><\/h3>\n<p>&nbsp;<\/p>\n<ul>\n<li style=\"font-weight: 400;\" aria-level=\"1\"><b>Informes especiales<\/b><span style=\"font-weight: 400;\">: Relacionados con proyectos o presupuestos.<\/span><\/li>\n<li style=\"font-weight: 400;\" aria-level=\"1\"><b>Investigaciones detalladas<\/b><span style=\"font-weight: 400;\">: Para detectar irregularidades en operaciones de caja, cuentas por cobrar, compras, inventarios y ventas.<\/span><\/li>\n<li style=\"font-weight: 400;\" aria-level=\"1\"><b>An\u00e1lisis especiales de estados contables<\/b><span style=\"font-weight: 400;\">: Basados en diferentes criterios.<\/span><\/li>\n<li style=\"font-weight: 400;\" aria-level=\"1\"><b>Auditor\u00edas para organismos de cr\u00e9dito<\/b><span style=\"font-weight: 400;\">: Locales o internacionales.<\/span><\/li>\n<li style=\"font-weight: 400;\" aria-level=\"1\"><b>Pericias contables<\/b><span style=\"font-weight: 400;\">.<\/span><\/li>\n<\/ul>\n<h3><\/h3>\n<p>&nbsp;<\/p>\n<p>&nbsp;<\/p>\n<h3><span style=\"font-weight: 400;\">AUDITOR\u00cdA OPERATIVA Y REVISI\u00d3N DEL SISTEMA DE CONTROL INTERNO<\/span><\/h3>\n<p>&nbsp;<\/p>\n<p><span style=\"font-weight: 400;\">Evaluamos y prevenimos aspectos como:<\/span><\/p>\n<ul>\n<li style=\"font-weight: 400;\" aria-level=\"1\"><span style=\"font-weight: 400;\">Funcionamiento adecuado de los controles internos.<\/span><\/li>\n<li style=\"font-weight: 400;\" aria-level=\"1\"><span style=\"font-weight: 400;\">Confiabilidad e integridad de la informaci\u00f3n.<\/span><\/li>\n<li style=\"font-weight: 400;\" aria-level=\"1\"><span style=\"font-weight: 400;\">Productividad y eficiencia administrativa.<\/span><\/li>\n<li style=\"font-weight: 400;\" aria-level=\"1\"><span style=\"font-weight: 400;\">Seguridad de los activos de la empresa.<\/span><\/li>\n<li style=\"font-weight: 400;\" aria-level=\"1\"><span style=\"font-weight: 400;\">Cumplimiento de objetivos.<\/span><\/li>\n<\/ul>\n<h3><\/h3>\n<p>&nbsp;<\/p>\n<p>&nbsp;<\/p>\n<h3><span style=\"font-weight: 400;\">DUE DILIGENCE<\/span><\/h3>\n<p>&nbsp;<\/p>\n<p><span style=\"font-weight: 400;\">En fusiones y adquisiciones, realizamos auditor\u00edas de compra para evaluar activos y deudas de la empresa objetivo. Esto incluye la valoraci\u00f3n de activos intangibles como el capital humano y la cultura empresarial. El resultado es un informe que sirve de base para la negociaci\u00f3n del acuerdo final, abordando riesgos contingentes y cl\u00e1usulas de garant\u00edas.<\/span><\/p>\n<h3><\/h3>\n<p>&nbsp;<\/p>\n<p>&nbsp;<\/p>\n<h3><span style=\"font-weight: 400;\">ACTUACI\u00d3N ANTE LA COMISI\u00d3N NACIONAL DE VALORES (C.N.V.)<\/span><\/h3>\n<p>&nbsp;<\/p>\n<p><span style=\"font-weight: 400;\">Estamos registrados en el Registro de Asociaciones de Profesionales Universitarios y en el Registro de Auditores Externos de la C.N.V., aptos para ejercer estas funciones.<\/span><\/p>\n<h3><\/h3>\n<p>&nbsp;<\/p>\n<p>&nbsp;<\/p>\n<h3><\/h3>\n<h3><span style=\"font-weight: 400;\">ACTUACI\u00d3N EN DIFERENTES JURISDICCIONES<\/span><\/h3>\n<p>&nbsp;<\/p>\n<p><span style=\"font-weight: 400;\">Estamos inscritos en los Consejos Profesionales de Ciencias Econ\u00f3micas de la Ciudad Aut\u00f3noma de Buenos Aires, Provincia de Buenos Aires, Provincia de Santa Fe y Provincia de R\u00edo Negro, conforme a la jurisdicci\u00f3n de ejercicio profesional seg\u00fan la Ley 20.488.<\/span>[\/vc_column_text][vc_empty_space][vc_empty_space height=\u00bb62px\u00bb][\/vc_column][\/vc_row]<\/p>\n<\/div>","protected":false},"excerpt":{"rendered":"<p>[vc_row css_animation=\u00bb\u00bb row_type=\u00bbrow\u00bb use_row_as_full_screen_section=\u00bbno\u00bb type=\u00bbgrid\u00bb anchor=\u00bbportfolio\u00bb angled_section=\u00bbno\u00bb text_align=\u00bbleft\u00bb background_image_as_pattern=\u00bbwithout_pattern\u00bb background_color=\u00bb#ffffff\u00bb border_color=\u00bb#eeeeee\u00bb padding_top=\u00bb80&#8243; padding_bottom=\u00bb0&#8243;][vc_column][vc_row_inner row_type=\u00bbrow\u00bb type=\u00bbfull_width\u00bb text_align=\u00bbleft\u00bb css_animation=\u00bb\u00bb][vc_column_inner][vc_column_text css=\u00bb\u00bb] Auditoria &nbsp; Nuestro trabajo comienza con un exhaustivo conocimiento de la empresa, a fin de dise\u00f1ar un programa espec\u00edficamente adecuado de tareas de revisi\u00f3n que favorezca el&#8230;<\/p>\n","protected":false},"author":1,"featured_media":0,"parent":0,"menu_order":0,"comment_status":"open","ping_status":"open","template":"full_width.php","meta":{"footnotes":""},"class_list":["post-16099","page","type-page","status-publish","hentry"],"yoast_head":"<!-- This site is optimized with the Yoast SEO plugin v27.3 - https:\/\/yoast.com\/product\/yoast-seo-wordpress\/ -->\n<title>AUDITORIA - ARV Argentina | Alvarez Roperti Venegas Consultores Tributarios &amp; Auditores<\/title>\n<meta name=\"robots\" content=\"index, follow, max-snippet:-1, max-image-preview:large, max-video-preview:-1\" \/>\n<link rel=\"canonical\" href=\"https:\/\/arv-argentina.com\/es\/auditoria\/\" \/>\n<meta property=\"og:locale\" content=\"es_ES\" \/>\n<meta property=\"og:type\" content=\"article\" \/>\n<meta property=\"og:title\" content=\"AUDITORIA - ARV Argentina | Alvarez Roperti Venegas Consultores Tributarios &amp; Auditores\" \/>\n<meta property=\"og:description\" content=\"[vc_row css_animation=\u00bb\u00bb row_type=\u00bbrow\u00bb use_row_as_full_screen_section=\u00bbno\u00bb type=\u00bbgrid\u00bb anchor=\u00bbportfolio\u00bb angled_section=\u00bbno\u00bb text_align=\u00bbleft\u00bb background_image_as_pattern=\u00bbwithout_pattern\u00bb background_color=\u00bb#ffffff\u00bb border_color=\u00bb#eeeeee\u00bb padding_top=\u00bb80&#8243; padding_bottom=\u00bb0&#8243;][vc_column][vc_row_inner row_type=\u00bbrow\u00bb type=\u00bbfull_width\u00bb text_align=\u00bbleft\u00bb css_animation=\u00bb\u00bb][vc_column_inner][vc_column_text css=\u00bb\u00bb] Auditoria &nbsp; Nuestro trabajo comienza con un exhaustivo conocimiento de la empresa, a fin de dise\u00f1ar un programa espec\u00edficamente adecuado de tareas de revisi\u00f3n que favorezca el...\" \/>\n<meta property=\"og:url\" content=\"https:\/\/arv-argentina.com\/es\/auditoria\/\" \/>\n<meta property=\"og:site_name\" content=\"ARV Argentina | Alvarez Roperti Venegas Consultores Tributarios &amp; Auditores\" \/>\n<meta property=\"article:modified_time\" content=\"2024-09-02T16:59:12+00:00\" \/>\n<meta name=\"twitter:card\" content=\"summary_large_image\" \/>\n<meta name=\"twitter:label1\" content=\"Tiempo de lectura\" \/>\n\t<meta name=\"twitter:data1\" content=\"2 minutos\" \/>\n<script type=\"application\/ld+json\" class=\"yoast-schema-graph\">{\"@context\":\"https:\\\/\\\/schema.org\",\"@graph\":[{\"@type\":\"WebPage\",\"@id\":\"https:\\\/\\\/arv-argentina.com\\\/es\\\/auditoria\\\/\",\"url\":\"https:\\\/\\\/arv-argentina.com\\\/es\\\/auditoria\\\/\",\"name\":\"AUDITORIA - ARV Argentina | Alvarez Roperti Venegas Consultores Tributarios &amp; Auditores\",\"isPartOf\":{\"@id\":\"https:\\\/\\\/arv-argentina.com\\\/es\\\/#website\"},\"datePublished\":\"2016-10-04T14:21:04+00:00\",\"dateModified\":\"2024-09-02T16:59:12+00:00\",\"breadcrumb\":{\"@id\":\"https:\\\/\\\/arv-argentina.com\\\/es\\\/auditoria\\\/#breadcrumb\"},\"inLanguage\":\"es\",\"potentialAction\":[{\"@type\":\"ReadAction\",\"target\":[[\"https:\\\/\\\/arv-argentina.com\\\/es\\\/auditoria\\\/\"]]}]},{\"@type\":\"BreadcrumbList\",\"@id\":\"https:\\\/\\\/arv-argentina.com\\\/es\\\/auditoria\\\/#breadcrumb\",\"itemListElement\":[{\"@type\":\"ListItem\",\"position\":1,\"name\":\"Portada\",\"item\":\"https:\\\/\\\/arv-argentina.com\\\/es\\\/\"},{\"@type\":\"ListItem\",\"position\":2,\"name\":\"AUDIT\"}]},{\"@type\":\"WebSite\",\"@id\":\"https:\\\/\\\/arv-argentina.com\\\/es\\\/#website\",\"url\":\"https:\\\/\\\/arv-argentina.com\\\/es\\\/\",\"name\":\"ARV Argentina | Alvarez Roperti Venegas Consultores Tributarios &amp; Auditores\",\"description\":\"Especialistas en Consultor\u00eda Tributaria y Auditor\u00edaEspecialistas en consultor\u00eda Tributaria y Auditor\u00eda\",\"publisher\":{\"@id\":\"https:\\\/\\\/arv-argentina.com\\\/es\\\/#organization\"},\"potentialAction\":[{\"@type\":\"SearchAction\",\"target\":{\"@type\":\"EntryPoint\",\"urlTemplate\":\"https:\\\/\\\/arv-argentina.com\\\/es\\\/?s={search_term_string}\"},\"query-input\":{\"@type\":\"PropertyValueSpecification\",\"valueRequired\":true,\"valueName\":\"search_term_string\"}}],\"inLanguage\":\"es\"},{\"@type\":\"Organization\",\"@id\":\"https:\\\/\\\/arv-argentina.com\\\/es\\\/#organization\",\"name\":\"ARV Argentina\",\"url\":\"https:\\\/\\\/arv-argentina.com\\\/es\\\/\",\"logo\":{\"@type\":\"ImageObject\",\"inLanguage\":\"es\",\"@id\":\"https:\\\/\\\/arv-argentina.com\\\/es\\\/#\\\/schema\\\/logo\\\/image\\\/\",\"url\":\"http:\\\/\\\/arv-argentina.com\\\/wp-content\\\/uploads\\\/2016\\\/10\\\/arv-logo-head1.png\",\"contentUrl\":\"http:\\\/\\\/arv-argentina.com\\\/wp-content\\\/uploads\\\/2016\\\/10\\\/arv-logo-head1.png\",\"width\":133,\"height\":54,\"caption\":\"ARV Argentina\"},\"image\":{\"@id\":\"https:\\\/\\\/arv-argentina.com\\\/es\\\/#\\\/schema\\\/logo\\\/image\\\/\"}}]}<\/script>\n<!-- \/ Yoast SEO plugin. -->","yoast_head_json":{"title":"AUDITORIA - ARV Argentina | Alvarez Roperti Venegas Consultores Tributarios &amp; Auditores","robots":{"index":"index","follow":"follow","max-snippet":"max-snippet:-1","max-image-preview":"max-image-preview:large","max-video-preview":"max-video-preview:-1"},"canonical":"https:\/\/arv-argentina.com\/es\/auditoria\/","og_locale":"es_ES","og_type":"article","og_title":"AUDITORIA - ARV Argentina | Alvarez Roperti Venegas Consultores Tributarios &amp; Auditores","og_description":"[vc_row css_animation=\u00bb\u00bb row_type=\u00bbrow\u00bb use_row_as_full_screen_section=\u00bbno\u00bb type=\u00bbgrid\u00bb anchor=\u00bbportfolio\u00bb angled_section=\u00bbno\u00bb text_align=\u00bbleft\u00bb background_image_as_pattern=\u00bbwithout_pattern\u00bb background_color=\u00bb#ffffff\u00bb border_color=\u00bb#eeeeee\u00bb padding_top=\u00bb80&#8243; padding_bottom=\u00bb0&#8243;][vc_column][vc_row_inner row_type=\u00bbrow\u00bb type=\u00bbfull_width\u00bb text_align=\u00bbleft\u00bb css_animation=\u00bb\u00bb][vc_column_inner][vc_column_text css=\u00bb\u00bb] Auditoria &nbsp; Nuestro trabajo comienza con un exhaustivo conocimiento de la empresa, a fin de dise\u00f1ar un programa espec\u00edficamente adecuado de tareas de revisi\u00f3n que favorezca el...","og_url":"https:\/\/arv-argentina.com\/es\/auditoria\/","og_site_name":"ARV Argentina | Alvarez Roperti Venegas Consultores Tributarios &amp; Auditores","article_modified_time":"2024-09-02T16:59:12+00:00","twitter_card":"summary_large_image","twitter_misc":{"Tiempo de lectura":"2 minutos"},"schema":{"@context":"https:\/\/schema.org","@graph":[{"@type":"WebPage","@id":"https:\/\/arv-argentina.com\/es\/auditoria\/","url":"https:\/\/arv-argentina.com\/es\/auditoria\/","name":"AUDITORIA - ARV Argentina | Alvarez Roperti Venegas Consultores Tributarios &amp; Auditores","isPartOf":{"@id":"https:\/\/arv-argentina.com\/es\/#website"},"datePublished":"2016-10-04T14:21:04+00:00","dateModified":"2024-09-02T16:59:12+00:00","breadcrumb":{"@id":"https:\/\/arv-argentina.com\/es\/auditoria\/#breadcrumb"},"inLanguage":"es","potentialAction":[{"@type":"ReadAction","target":[["https:\/\/arv-argentina.com\/es\/auditoria\/"]]}]},{"@type":"BreadcrumbList","@id":"https:\/\/arv-argentina.com\/es\/auditoria\/#breadcrumb","itemListElement":[{"@type":"ListItem","position":1,"name":"Portada","item":"https:\/\/arv-argentina.com\/es\/"},{"@type":"ListItem","position":2,"name":"AUDIT"}]},{"@type":"WebSite","@id":"https:\/\/arv-argentina.com\/es\/#website","url":"https:\/\/arv-argentina.com\/es\/","name":"ARV Argentina | Alvarez Roperti Venegas Consultores Tributarios &amp; Auditores","description":"Especialistas en Consultor\u00eda Tributaria y Auditor\u00edaEspecialistas en consultor\u00eda Tributaria y Auditor\u00eda","publisher":{"@id":"https:\/\/arv-argentina.com\/es\/#organization"},"potentialAction":[{"@type":"SearchAction","target":{"@type":"EntryPoint","urlTemplate":"https:\/\/arv-argentina.com\/es\/?s={search_term_string}"},"query-input":{"@type":"PropertyValueSpecification","valueRequired":true,"valueName":"search_term_string"}}],"inLanguage":"es"},{"@type":"Organization","@id":"https:\/\/arv-argentina.com\/es\/#organization","name":"ARV Argentina","url":"https:\/\/arv-argentina.com\/es\/","logo":{"@type":"ImageObject","inLanguage":"es","@id":"https:\/\/arv-argentina.com\/es\/#\/schema\/logo\/image\/","url":"http:\/\/arv-argentina.com\/wp-content\/uploads\/2016\/10\/arv-logo-head1.png","contentUrl":"http:\/\/arv-argentina.com\/wp-content\/uploads\/2016\/10\/arv-logo-head1.png","width":133,"height":54,"caption":"ARV Argentina"},"image":{"@id":"https:\/\/arv-argentina.com\/es\/#\/schema\/logo\/image\/"}}]}},"_links":{"self":[{"href":"https:\/\/arv-argentina.com\/es\/wp-json\/wp\/v2\/pages\/16099","targetHints":{"allow":["GET"]}}],"collection":[{"href":"https:\/\/arv-argentina.com\/es\/wp-json\/wp\/v2\/pages"}],"about":[{"href":"https:\/\/arv-argentina.com\/es\/wp-json\/wp\/v2\/types\/page"}],"author":[{"embeddable":true,"href":"https:\/\/arv-argentina.com\/es\/wp-json\/wp\/v2\/users\/1"}],"replies":[{"embeddable":true,"href":"https:\/\/arv-argentina.com\/es\/wp-json\/wp\/v2\/comments?post=16099"}],"version-history":[{"count":36,"href":"https:\/\/arv-argentina.com\/es\/wp-json\/wp\/v2\/pages\/16099\/revisions"}],"predecessor-version":[{"id":19547,"href":"https:\/\/arv-argentina.com\/es\/wp-json\/wp\/v2\/pages\/16099\/revisions\/19547"}],"wp:attachment":[{"href":"https:\/\/arv-argentina.com\/es\/wp-json\/wp\/v2\/media?parent=16099"}],"curies":[{"name":"wp","href":"https:\/\/api.w.org\/{rel}","templated":true}]}}