{"id":16112,"date":"2016-10-04T11:57:42","date_gmt":"2016-10-04T14:57:42","guid":{"rendered":"http:\/\/arvargen-cp514.wordpresstemporal.com\/?page_id=16112"},"modified":"2024-08-08T17:41:25","modified_gmt":"2024-08-08T20:41:25","slug":"contacto","status":"publish","type":"page","link":"https:\/\/arv-argentina.com\/es\/contacto\/","title":{"rendered":"CONT\u00c1CTENOS"},"content":{"rendered":"<div class=\"wpb-content-wrapper\"><p>[vc_row css_animation=\u00bb\u00bb row_type=\u00bbrow\u00bb use_row_as_full_screen_section=\u00bbno\u00bb type=\u00bbfull_width\u00bb angled_section=\u00bbno\u00bb text_align=\u00bbleft\u00bb background_image_as_pattern=\u00bbwithout_pattern\u00bb][vc_column][vc_gmaps link=\u00bb#E-8_JTNDaWZyYW1lJTIwc3JjJTNEJTIyaHR0cHMlM0ElMkYlMkZ3d3cuZ29vZ2xlLmNvbSUyRm1hcHMlMkZlbWJlZCUzRnBiJTNEJTIxMW0xOCUyMTFtMTIlMjExbTMlMjExZDMyODQuMDc2MDAzNzkxMDA0NSUyMTJkLTU4LjM3Nzg5MTY4NDE1NjI1JTIxM2QtMzQuNjAyMjM5NTY0OTI4MjElMjEybTMlMjExZjAlMjEyZjAlMjEzZjAlMjEzbTIlMjExaTEwMjQlMjEyaTc2OCUyMTRmMTMuMSUyMTNtMyUyMTFtMiUyMTFzMHg5NWJjY2FjYzQxM2Y4MjQ3JTI1M0EweDI3NTgxYjNhYTA4OWVlNzUlMjEyc0FSViUyQkFyZ2VudGluYSUyQkNvbnN1bHRvcmVzJTJCVHJpYnV0YXJpb3MlMkJ5JTJCQXVkaXRvcmVzJTIxNWUwJTIxM20yJTIxMXNlcyUyMTJzYXIlMjE0djE0NzU1OTMzNjA4MTglMjIlMjB3aWR0aCUzRCUyMjYwMCUyMiUyMGhlaWdodCUzRCUyMjQ1MCUyMiUyMGZyYW1lYm9yZGVyJTNEJTIyMCUyMiUyMHN0eWxlJTNEJTIyYm9yZGVyJTNBMCUyMiUyMGFsbG93ZnVsbHNjcmVlbiUzRSUzQyUyRmlmcmFtZSUzRQ==\u00bb][\/vc_column][\/vc_row][vc_row css_animation=\u00bb\u00bb row_type=\u00bbrow\u00bb use_row_as_full_screen_section=\u00bbno\u00bb type=\u00bbgrid\u00bb anchor=\u00bbportfolio\u00bb angled_section=\u00bbno\u00bb text_align=\u00bbleft\u00bb background_image_as_pattern=\u00bbwithout_pattern\u00bb background_color=\u00bb#ffffff\u00bb border_color=\u00bb#eeeeee\u00bb padding_top=\u00bb80&#8243; padding_bottom=\u00bb0&#8243;][vc_column width=\u00bb1\/2&#8243;][vc_column_text css=\u00bb.vc_custom_1571276464588{padding-bottom: 32px !important;}\u00bb]<\/p>\n<h3>Formulario de contacto<\/h3>\n<p>[\/vc_column_text][vc_column_text css=\u00bb.vc_custom_1658874978917{padding-bottom: 40px !important;}\u00bb]Si desea realizar alguna consulta relacionada con nuestra actividad, puede contactarnos escribiendonos a <a href=\"mailto:info@arv-argentina.com\" target=\"_blank\" rel=\"noopener\">info@arv-argentina.com<\/a>\u00a0o rellenando este formulario y tambi\u00e9n sumarse a nuestras redes sociales.[\/vc_column_text][\/vc_column][vc_column width=\u00bb1\/2&#8243;]\n<div class=\"wpcf7 no-js\" id=\"wpcf7-f16042-o1\" lang=\"es-ES\" dir=\"ltr\" data-wpcf7-id=\"16042\">\n<div class=\"screen-reader-response\"><p role=\"status\" aria-live=\"polite\" aria-atomic=\"true\"><\/p> <ul><\/ul><\/div>\n<form action=\"\/es\/wp-json\/wp\/v2\/pages\/16112#wpcf7-f16042-o1\" method=\"post\" class=\"wpcf7-form init default\" aria-label=\"Formulario de contacto\" novalidate=\"novalidate\" data-status=\"init\">\n<fieldset class=\"hidden-fields-container\"><input type=\"hidden\" name=\"_wpcf7\" value=\"16042\" \/><input type=\"hidden\" name=\"_wpcf7_version\" value=\"6.1.5\" \/><input type=\"hidden\" name=\"_wpcf7_locale\" value=\"es_ES\" \/><input type=\"hidden\" name=\"_wpcf7_unit_tag\" value=\"wpcf7-f16042-o1\" \/><input type=\"hidden\" name=\"_wpcf7_container_post\" value=\"0\" \/><input type=\"hidden\" name=\"_wpcf7_posted_data_hash\" value=\"\" \/><input type=\"hidden\" name=\"_wpcf7_recaptcha_response\" value=\"\" \/>\n<\/fieldset>\n<p><label> Nombre (requerido)<br \/>\n<span class=\"wpcf7-form-control-wrap\" data-name=\"your-name\"><input size=\"40\" maxlength=\"400\" class=\"wpcf7-form-control wpcf7-text wpcf7-validates-as-required\" aria-required=\"true\" aria-invalid=\"false\" value=\"\" type=\"text\" name=\"your-name\" \/><\/span> <\/label>\n<\/p>\n<p><label> Correo electr\u00f3nico (requerido)<br \/>\n<span class=\"wpcf7-form-control-wrap\" data-name=\"your-email\"><input size=\"40\" maxlength=\"400\" class=\"wpcf7-form-control wpcf7-email wpcf7-validates-as-required wpcf7-text wpcf7-validates-as-email\" aria-required=\"true\" aria-invalid=\"false\" value=\"\" type=\"email\" name=\"your-email\" \/><\/span> <\/label>\n<\/p>\n<p><label> Asunto<br \/>\n<span class=\"wpcf7-form-control-wrap\" data-name=\"your-subject\"><input size=\"40\" maxlength=\"400\" class=\"wpcf7-form-control wpcf7-text\" aria-invalid=\"false\" value=\"\" type=\"text\" name=\"your-subject\" \/><\/span> <\/label>\n<\/p>\n<p><label> Mensaje<br \/>\n<span class=\"wpcf7-form-control-wrap\" data-name=\"your-message\"><textarea cols=\"40\" rows=\"10\" maxlength=\"2000\" class=\"wpcf7-form-control wpcf7-textarea\" aria-invalid=\"false\" name=\"your-message\"><\/textarea><\/span> <\/label>\n<\/p>\n<p><input class=\"wpcf7-form-control wpcf7-submit has-spinner\" type=\"submit\" value=\"Enviar\" \/>\n<\/p><div class=\"wpcf7-response-output\" aria-hidden=\"true\"><\/div>\n<\/form>\n<\/div>\n[\/vc_column][\/vc_row][vc_row css_animation=\u00bb\u00bb row_type=\u00bbrow\u00bb use_row_as_full_screen_section=\u00bbno\u00bb type=\u00bbfull_width\u00bb angled_section=\u00bbno\u00bb text_align=\u00bbleft\u00bb background_image_as_pattern=\u00bbwithout_pattern\u00bb][vc_column][vc_empty_space height=\u00bb52px\u00bb][\/vc_column][\/vc_row]<\/p>\n<\/div>","protected":false},"excerpt":{"rendered":"<p>[vc_row css_animation=\u00bb\u00bb row_type=\u00bbrow\u00bb use_row_as_full_screen_section=\u00bbno\u00bb type=\u00bbfull_width\u00bb angled_section=\u00bbno\u00bb text_align=\u00bbleft\u00bb background_image_as_pattern=\u00bbwithout_pattern\u00bb][vc_column][vc_gmaps link=\u00bb#E-8_JTNDaWZyYW1lJTIwc3JjJTNEJTIyaHR0cHMlM0ElMkYlMkZ3d3cuZ29vZ2xlLmNvbSUyRm1hcHMlMkZlbWJlZCUzRnBiJTNEJTIxMW0xOCUyMTFtMTIlMjExbTMlMjExZDMyODQuMDc2MDAzNzkxMDA0NSUyMTJkLTU4LjM3Nzg5MTY4NDE1NjI1JTIxM2QtMzQuNjAyMjM5NTY0OTI4MjElMjEybTMlMjExZjAlMjEyZjAlMjEzZjAlMjEzbTIlMjExaTEwMjQlMjEyaTc2OCUyMTRmMTMuMSUyMTNtMyUyMTFtMiUyMTFzMHg5NWJjY2FjYzQxM2Y4MjQ3JTI1M0EweDI3NTgxYjNhYTA4OWVlNzUlMjEyc0FSViUyQkFyZ2VudGluYSUyQkNvbnN1bHRvcmVzJTJCVHJpYnV0YXJpb3MlMkJ5JTJCQXVkaXRvcmVzJTIxNWUwJTIxM20yJTIxMXNlcyUyMTJzYXIlMjE0djE0NzU1OTMzNjA4MTglMjIlMjB3aWR0aCUzRCUyMjYwMCUyMiUyMGhlaWdodCUzRCUyMjQ1MCUyMiUyMGZyYW1lYm9yZGVyJTNEJTIyMCUyMiUyMHN0eWxlJTNEJTIyYm9yZGVyJTNBMCUyMiUyMGFsbG93ZnVsbHNjcmVlbiUzRSUzQyUyRmlmcmFtZSUzRQ==\u00bb][\/vc_column][\/vc_row][vc_row css_animation=\u00bb\u00bb row_type=\u00bbrow\u00bb use_row_as_full_screen_section=\u00bbno\u00bb type=\u00bbgrid\u00bb anchor=\u00bbportfolio\u00bb angled_section=\u00bbno\u00bb text_align=\u00bbleft\u00bb background_image_as_pattern=\u00bbwithout_pattern\u00bb background_color=\u00bb#ffffff\u00bb border_color=\u00bb#eeeeee\u00bb padding_top=\u00bb80&#8243; padding_bottom=\u00bb0&#8243;][vc_column width=\u00bb1\/2&#8243;][vc_column_text css=\u00bb.vc_custom_1571276464588{padding-bottom: 32px !important;}\u00bb] Formulario de contacto [\/vc_column_text][vc_column_text css=\u00bb.vc_custom_1658874978917{padding-bottom: 40px !important;}\u00bb]Si desea realizar alguna consulta relacionada con nuestra actividad, puede contactarnos escribiendonos a info@arv-argentina.com\u00a0o&#8230;<\/p>\n","protected":false},"author":1,"featured_media":0,"parent":0,"menu_order":0,"comment_status":"closed","ping_status":"closed","template":"full_width.php","meta":{"footnotes":""},"class_list":["post-16112","page","type-page","status-publish","hentry"],"yoast_head":"<!-- This site is optimized with the Yoast SEO plugin v27.3 - https:\/\/yoast.com\/product\/yoast-seo-wordpress\/ -->\n<title>Contacto ARV Argentina | Auditoria de estados contables<\/title>\n<meta name=\"description\" content=\"Desde 1992 brindado servicios de Consultor\u00eda Contable. Impuestos. Auditor\u00eda a Empresas, Pymes y Profesionales.\" \/>\n<meta name=\"robots\" content=\"index, follow, max-snippet:-1, max-image-preview:large, max-video-preview:-1\" \/>\n<link rel=\"canonical\" href=\"https:\/\/arv-argentina.com\/es\/contacto\/\" \/>\n<meta property=\"og:locale\" content=\"es_ES\" \/>\n<meta property=\"og:type\" content=\"article\" \/>\n<meta property=\"og:title\" content=\"Contacto ARV Argentina | Auditoria de estados contables\" \/>\n<meta property=\"og:description\" content=\"Desde 1992 brindado servicios de Consultor\u00eda Contable. Impuestos. Auditor\u00eda a Empresas, Pymes y Profesionales.\" \/>\n<meta property=\"og:url\" content=\"https:\/\/arv-argentina.com\/es\/contacto\/\" \/>\n<meta property=\"og:site_name\" content=\"ARV Argentina | Alvarez Roperti Venegas Consultores Tributarios &amp; Auditores\" \/>\n<meta property=\"article:modified_time\" content=\"2024-08-08T20:41:25+00:00\" \/>\n<meta name=\"twitter:card\" content=\"summary_large_image\" \/>\n<meta name=\"twitter:label1\" content=\"Tiempo de lectura\" \/>\n\t<meta name=\"twitter:data1\" content=\"1 minuto\" \/>\n<script type=\"application\/ld+json\" class=\"yoast-schema-graph\">{\"@context\":\"https:\\\/\\\/schema.org\",\"@graph\":[{\"@type\":\"WebPage\",\"@id\":\"https:\\\/\\\/arv-argentina.com\\\/es\\\/contacto\\\/\",\"url\":\"https:\\\/\\\/arv-argentina.com\\\/es\\\/contacto\\\/\",\"name\":\"Contacto ARV Argentina | Auditoria de estados contables\",\"isPartOf\":{\"@id\":\"https:\\\/\\\/arv-argentina.com\\\/es\\\/#website\"},\"datePublished\":\"2016-10-04T14:57:42+00:00\",\"dateModified\":\"2024-08-08T20:41:25+00:00\",\"description\":\"Desde 1992 brindado servicios de Consultor\u00eda Contable. Impuestos. Auditor\u00eda a Empresas, Pymes y Profesionales.\",\"breadcrumb\":{\"@id\":\"https:\\\/\\\/arv-argentina.com\\\/es\\\/contacto\\\/#breadcrumb\"},\"inLanguage\":\"es\",\"potentialAction\":[{\"@type\":\"ReadAction\",\"target\":[[\"https:\\\/\\\/arv-argentina.com\\\/es\\\/contacto\\\/\"]]}]},{\"@type\":\"BreadcrumbList\",\"@id\":\"https:\\\/\\\/arv-argentina.com\\\/es\\\/contacto\\\/#breadcrumb\",\"itemListElement\":[{\"@type\":\"ListItem\",\"position\":1,\"name\":\"Portada\",\"item\":\"https:\\\/\\\/arv-argentina.com\\\/es\\\/\"},{\"@type\":\"ListItem\",\"position\":2,\"name\":\"CONT\u00c1CTENOS\"}]},{\"@type\":\"WebSite\",\"@id\":\"https:\\\/\\\/arv-argentina.com\\\/es\\\/#website\",\"url\":\"https:\\\/\\\/arv-argentina.com\\\/es\\\/\",\"name\":\"ARV Argentina | Alvarez Roperti Venegas Consultores Tributarios &amp; Auditores\",\"description\":\"Especialistas en Consultor\u00eda Tributaria y Auditor\u00edaEspecialistas en consultor\u00eda Tributaria y Auditor\u00eda\",\"publisher\":{\"@id\":\"https:\\\/\\\/arv-argentina.com\\\/es\\\/#organization\"},\"potentialAction\":[{\"@type\":\"SearchAction\",\"target\":{\"@type\":\"EntryPoint\",\"urlTemplate\":\"https:\\\/\\\/arv-argentina.com\\\/es\\\/?s={search_term_string}\"},\"query-input\":{\"@type\":\"PropertyValueSpecification\",\"valueRequired\":true,\"valueName\":\"search_term_string\"}}],\"inLanguage\":\"es\"},{\"@type\":\"Organization\",\"@id\":\"https:\\\/\\\/arv-argentina.com\\\/es\\\/#organization\",\"name\":\"ARV Argentina\",\"url\":\"https:\\\/\\\/arv-argentina.com\\\/es\\\/\",\"logo\":{\"@type\":\"ImageObject\",\"inLanguage\":\"es\",\"@id\":\"https:\\\/\\\/arv-argentina.com\\\/es\\\/#\\\/schema\\\/logo\\\/image\\\/\",\"url\":\"http:\\\/\\\/arv-argentina.com\\\/wp-content\\\/uploads\\\/2016\\\/10\\\/arv-logo-head1.png\",\"contentUrl\":\"http:\\\/\\\/arv-argentina.com\\\/wp-content\\\/uploads\\\/2016\\\/10\\\/arv-logo-head1.png\",\"width\":133,\"height\":54,\"caption\":\"ARV Argentina\"},\"image\":{\"@id\":\"https:\\\/\\\/arv-argentina.com\\\/es\\\/#\\\/schema\\\/logo\\\/image\\\/\"}}]}<\/script>\n<!-- \/ Yoast SEO plugin. -->","yoast_head_json":{"title":"Contacto ARV Argentina | Auditoria de estados contables","description":"Desde 1992 brindado servicios de Consultor\u00eda Contable. Impuestos. Auditor\u00eda a Empresas, Pymes y Profesionales.","robots":{"index":"index","follow":"follow","max-snippet":"max-snippet:-1","max-image-preview":"max-image-preview:large","max-video-preview":"max-video-preview:-1"},"canonical":"https:\/\/arv-argentina.com\/es\/contacto\/","og_locale":"es_ES","og_type":"article","og_title":"Contacto ARV Argentina | Auditoria de estados contables","og_description":"Desde 1992 brindado servicios de Consultor\u00eda Contable. Impuestos. Auditor\u00eda a Empresas, Pymes y Profesionales.","og_url":"https:\/\/arv-argentina.com\/es\/contacto\/","og_site_name":"ARV Argentina | Alvarez Roperti Venegas Consultores Tributarios &amp; Auditores","article_modified_time":"2024-08-08T20:41:25+00:00","twitter_card":"summary_large_image","twitter_misc":{"Tiempo de lectura":"1 minuto"},"schema":{"@context":"https:\/\/schema.org","@graph":[{"@type":"WebPage","@id":"https:\/\/arv-argentina.com\/es\/contacto\/","url":"https:\/\/arv-argentina.com\/es\/contacto\/","name":"Contacto ARV Argentina | Auditoria de estados contables","isPartOf":{"@id":"https:\/\/arv-argentina.com\/es\/#website"},"datePublished":"2016-10-04T14:57:42+00:00","dateModified":"2024-08-08T20:41:25+00:00","description":"Desde 1992 brindado servicios de Consultor\u00eda Contable. Impuestos. Auditor\u00eda a Empresas, Pymes y Profesionales.","breadcrumb":{"@id":"https:\/\/arv-argentina.com\/es\/contacto\/#breadcrumb"},"inLanguage":"es","potentialAction":[{"@type":"ReadAction","target":[["https:\/\/arv-argentina.com\/es\/contacto\/"]]}]},{"@type":"BreadcrumbList","@id":"https:\/\/arv-argentina.com\/es\/contacto\/#breadcrumb","itemListElement":[{"@type":"ListItem","position":1,"name":"Portada","item":"https:\/\/arv-argentina.com\/es\/"},{"@type":"ListItem","position":2,"name":"CONT\u00c1CTENOS"}]},{"@type":"WebSite","@id":"https:\/\/arv-argentina.com\/es\/#website","url":"https:\/\/arv-argentina.com\/es\/","name":"ARV Argentina | Alvarez Roperti Venegas Consultores Tributarios &amp; Auditores","description":"Especialistas en Consultor\u00eda Tributaria y Auditor\u00edaEspecialistas en consultor\u00eda Tributaria y Auditor\u00eda","publisher":{"@id":"https:\/\/arv-argentina.com\/es\/#organization"},"potentialAction":[{"@type":"SearchAction","target":{"@type":"EntryPoint","urlTemplate":"https:\/\/arv-argentina.com\/es\/?s={search_term_string}"},"query-input":{"@type":"PropertyValueSpecification","valueRequired":true,"valueName":"search_term_string"}}],"inLanguage":"es"},{"@type":"Organization","@id":"https:\/\/arv-argentina.com\/es\/#organization","name":"ARV Argentina","url":"https:\/\/arv-argentina.com\/es\/","logo":{"@type":"ImageObject","inLanguage":"es","@id":"https:\/\/arv-argentina.com\/es\/#\/schema\/logo\/image\/","url":"http:\/\/arv-argentina.com\/wp-content\/uploads\/2016\/10\/arv-logo-head1.png","contentUrl":"http:\/\/arv-argentina.com\/wp-content\/uploads\/2016\/10\/arv-logo-head1.png","width":133,"height":54,"caption":"ARV Argentina"},"image":{"@id":"https:\/\/arv-argentina.com\/es\/#\/schema\/logo\/image\/"}}]}},"_links":{"self":[{"href":"https:\/\/arv-argentina.com\/es\/wp-json\/wp\/v2\/pages\/16112","targetHints":{"allow":["GET"]}}],"collection":[{"href":"https:\/\/arv-argentina.com\/es\/wp-json\/wp\/v2\/pages"}],"about":[{"href":"https:\/\/arv-argentina.com\/es\/wp-json\/wp\/v2\/types\/page"}],"author":[{"embeddable":true,"href":"https:\/\/arv-argentina.com\/es\/wp-json\/wp\/v2\/users\/1"}],"replies":[{"embeddable":true,"href":"https:\/\/arv-argentina.com\/es\/wp-json\/wp\/v2\/comments?post=16112"}],"version-history":[{"count":11,"href":"https:\/\/arv-argentina.com\/es\/wp-json\/wp\/v2\/pages\/16112\/revisions"}],"predecessor-version":[{"id":18748,"href":"https:\/\/arv-argentina.com\/es\/wp-json\/wp\/v2\/pages\/16112\/revisions\/18748"}],"wp:attachment":[{"href":"https:\/\/arv-argentina.com\/es\/wp-json\/wp\/v2\/media?parent=16112"}],"curies":[{"name":"wp","href":"https:\/\/api.w.org\/{rel}","templated":true}]}}