{"id":16121,"date":"2016-10-04T14:26:59","date_gmt":"2016-10-04T17:26:59","guid":{"rendered":"http:\/\/arvargen-cp514.wordpresstemporal.com\/?page_id=16121"},"modified":"2024-09-02T14:00:26","modified_gmt":"2024-09-02T17:00:26","slug":"outsourcing","status":"publish","type":"page","link":"https:\/\/arv-argentina.com\/es\/outsourcing\/","title":{"rendered":"Outsourcing"},"content":{"rendered":"<div class=\"wpb-content-wrapper\"><p>[vc_row css_animation=\u00bb\u00bb row_type=\u00bbrow\u00bb use_row_as_full_screen_section=\u00bbno\u00bb type=\u00bbgrid\u00bb anchor=\u00bbportfolio\u00bb angled_section=\u00bbno\u00bb text_align=\u00bbleft\u00bb background_image_as_pattern=\u00bbwithout_pattern\u00bb background_color=\u00bb#ffffff\u00bb border_color=\u00bb#eeeeee\u00bb padding_top=\u00bb80&#8243; padding_bottom=\u00bb0&#8243;][vc_column][vc_row_inner row_type=\u00bbrow\u00bb type=\u00bbfull_width\u00bb text_align=\u00bbleft\u00bb css_animation=\u00bb\u00bb][vc_column_inner][vc_column_text css=\u00bb\u00bb]<\/p>\n<h1><span style=\"font-weight: 400; color: #000080;\">Outsourcing<\/span><\/h1>\n<p>&nbsp;<\/p>\n<p><strong>Conc\u00e9ntrese solo en los aspectos estrat\u00e9gicos de su compa\u00f1\u00eda, ello potenciar\u00e1 sus negocios. Deje en manos de nuestros profesionales tareas que requieren de alta especializaci\u00f3n.<\/strong><\/p>\n<p>&nbsp;<\/p>\n<p><span style=\"font-weight: 400;\">Tercerizando, las empresas concentran sus recursos y esfuerzos exclusivamente en el mantenimiento y la generaci\u00f3n de las actividades donde cuentan con ventajas competitivas y delegan, integral o parcialmente, otras \u00e1reas como la contable, entre otras.<\/span>[\/vc_column_text][vc_separator type=\u00bbnormal\u00bb color=\u00bb#f4f4f4&#8243; up=\u00bb36&#8243; down=\u00bb36&#8243;][vc_column_text css=\u00bb\u00bb]<\/p>\n<h3><span style=\"font-weight: 400;\">PROCESAMIENTO CONTABLE\/BOOKKEEPING<\/span><\/h3>\n<p>&nbsp;<\/p>\n<p><span style=\"font-weight: 400;\">Ofrecemos el procesamiento de informaci\u00f3n contable, registr\u00e1ndola externamente, lo que genera ahorros en estructura y asegura confiabilidad y rapidez en los informes contables.<\/span><\/p>\n<ul>\n<li style=\"font-weight: 400;\" aria-level=\"1\"><b>Opci\u00f3n 1<\/b><span style=\"font-weight: 400;\">: Usamos nuestro programa contable.<\/span><\/li>\n<li style=\"font-weight: 400;\" aria-level=\"1\"><b>Opci\u00f3n 2<\/b><span style=\"font-weight: 400;\">: Utilizamos el programa contable del cliente v\u00eda internet.<\/span><\/li>\n<\/ul>\n<p>&nbsp;<\/p>\n<p>&nbsp;<\/p>\n<h3><span style=\"font-weight: 400;\">ATENCI\u00d3N DE LAS AUDITOR\u00cdAS EXTERNAS<\/span><\/h3>\n<p>&nbsp;<\/p>\n<p><span style=\"font-weight: 400;\">Para empresas de capital extranjero, preparamos la informaci\u00f3n para auditor\u00edas externas anuales, utilizando procedimientos y est\u00e1ndares de mega consultoras internacionales. Esto mejora la eficiencia y reduce las horas de auditor\u00eda externa, generando importantes ahorros.<\/span><\/p>\n<p>&nbsp;<\/p>\n<p>&nbsp;<\/p>\n<h3><span style=\"font-weight: 400;\">PREPARACI\u00d3N DE INFORMACI\u00d3N DE GESTI\u00d3N, CONSOLIDACI\u00d3N Y REPORTING<\/span><\/h3>\n<p>&nbsp;<\/p>\n<p><span style=\"font-weight: 400;\">Contamos con un equipo especializado en dise\u00f1ar y armar reportes de gesti\u00f3n para directorios, accionistas y casas matrices, consolidando informaci\u00f3n, definiendo indicadores y presentando proyecciones. Participamos en reuniones para exponer problemas y recomendaciones.<\/span><\/p>\n<p><span style=\"font-weight: 400;\">Para empresas de capital extranjero, preparamos el financial package mensual y\/o anual seg\u00fan normas internacionales y en el idioma pertinente.<\/span><\/p>\n<p>&nbsp;<\/p>\n<p>&nbsp;<\/p>\n<h3><span style=\"font-weight: 400;\">LIQUIDACI\u00d3N DE IMPUESTOS<\/span><\/h3>\n<p>&nbsp;<\/p>\n<p><span style=\"font-weight: 400;\">Nuestro equipo se encarga de la confecci\u00f3n de liquidaciones per\u00edodicas de impuestos, como IVA, Ingresos Brutos, Impuestos Internos, retenciones de ganancias y m\u00e1s, permiti\u00e9ndole enfocarse en los aspectos claves de su negocio.<\/span><\/p>\n<h3><\/h3>\n<h3><\/h3>\n<p>&nbsp;<\/p>\n<p>&nbsp;<\/p>\n<h3><span style=\"font-weight: 400;\">START-UPS<\/span><\/h3>\n<p>&nbsp;<\/p>\n<p><span style=\"font-weight: 400;\">Asesoramos en la constituci\u00f3n y registraci\u00f3n de sociedades, incluyendo todos los aspectos legales y fiscales, desde el registro de impuestos hasta la r\u00fabrica de libros y establecimiento de procesos contables.<\/span><\/p>\n<h3><\/h3>\n<p>&nbsp;<\/p>\n<h3><\/h3>\n<p>&nbsp;<\/p>\n<h3><span style=\"font-weight: 400;\">LEGAL SOCIETARIO<\/span><\/h3>\n<p>&nbsp;<\/p>\n<p><span style=\"font-weight: 400;\">Nos encargamos de la confecci\u00f3n de actas de directorio y de asamblea, inscripci\u00f3n de aumentos de capital y preparaci\u00f3n de la informaci\u00f3n anual para la Inspecci\u00f3n General de Justicia.<\/span><\/p>\n<h3><\/h3>\n<h3><\/h3>\n<p>&nbsp;<\/p>\n<h3><\/h3>\n<p>&nbsp;<\/p>\n<h3><span style=\"font-weight: 400;\">LIQUIDACI\u00d3N DE HABERES<\/span><\/h3>\n<p>&nbsp;<\/p>\n<p><span style=\"font-weight: 400;\">Delegue la liquidaci\u00f3n de haberes a nuestro equipo especializado, permitiendo que el responsable de Recursos Humanos se enfoque en desarrollar el potencial t\u00e9cnico y humano de su personal.<\/span><\/p>\n<p><span style=\"font-weight: 400;\">Nos encargamos de:<\/span><\/p>\n<ul>\n<li style=\"font-weight: 400;\" aria-level=\"1\"><span style=\"font-weight: 400;\">Relevamiento de conceptos de liquidaci\u00f3n (remuneraciones, retenciones, pr\u00e9stamos, etc.).<\/span><\/li>\n<li style=\"font-weight: 400;\" aria-level=\"1\"><span style=\"font-weight: 400;\">Revisi\u00f3n de la aplicaci\u00f3n de convenios pertinentes.<\/span><\/li>\n<li style=\"font-weight: 400;\" aria-level=\"1\"><span style=\"font-weight: 400;\">Relevamiento de reportes \u00fatiles para la administraci\u00f3n de personal.<\/span><\/li>\n<li style=\"font-weight: 400;\" aria-level=\"1\"><span style=\"font-weight: 400;\">Cronograma de tareas: carga de datos iniciales, novedades de liquidaci\u00f3n, control de liquidaci\u00f3n, acreditaci\u00f3n y capacitaci\u00f3n.<\/span><\/li>\n<li style=\"font-weight: 400;\" aria-level=\"1\"><span style=\"font-weight: 400;\">Carga de datos de empleados al sistema.<\/span><\/li>\n<li style=\"font-weight: 400;\" aria-level=\"1\"><span style=\"font-weight: 400;\">Adaptaci\u00f3n de la estructura y f\u00f3rmulas de liquidaci\u00f3n.<\/span><\/li>\n<li style=\"font-weight: 400;\" aria-level=\"1\"><span style=\"font-weight: 400;\">Control de conceptos liquidados.<\/span><\/li>\n<li style=\"font-weight: 400;\" aria-level=\"1\"><span style=\"font-weight: 400;\">Suministro de reportes solicitados.<\/span><\/li>\n<\/ul>\n<p>[\/vc_column_text][vc_empty_space height=\u00bb42px\u00bb][\/vc_column_inner][\/vc_row_inner][\/vc_column][\/vc_row]<\/p>\n<\/div>","protected":false},"excerpt":{"rendered":"<p>[vc_row css_animation=\u00bb\u00bb row_type=\u00bbrow\u00bb use_row_as_full_screen_section=\u00bbno\u00bb type=\u00bbgrid\u00bb anchor=\u00bbportfolio\u00bb angled_section=\u00bbno\u00bb text_align=\u00bbleft\u00bb background_image_as_pattern=\u00bbwithout_pattern\u00bb background_color=\u00bb#ffffff\u00bb border_color=\u00bb#eeeeee\u00bb padding_top=\u00bb80&#8243; padding_bottom=\u00bb0&#8243;][vc_column][vc_row_inner row_type=\u00bbrow\u00bb type=\u00bbfull_width\u00bb text_align=\u00bbleft\u00bb css_animation=\u00bb\u00bb][vc_column_inner][vc_column_text css=\u00bb\u00bb] Outsourcing &nbsp; Conc\u00e9ntrese solo en los aspectos estrat\u00e9gicos de su compa\u00f1\u00eda, ello potenciar\u00e1 sus negocios. Deje en manos de nuestros profesionales tareas que requieren de alta especializaci\u00f3n&#8230;.<\/p>\n","protected":false},"author":1,"featured_media":0,"parent":0,"menu_order":0,"comment_status":"open","ping_status":"open","template":"full_width.php","meta":{"footnotes":""},"class_list":["post-16121","page","type-page","status-publish","hentry"],"yoast_head":"<!-- This site is optimized with the Yoast SEO plugin v27.3 - https:\/\/yoast.com\/product\/yoast-seo-wordpress\/ -->\n<title>Outsourcing - ARV Argentina | Alvarez Roperti Venegas Consultores Tributarios &amp; Auditores<\/title>\n<meta name=\"robots\" content=\"index, follow, max-snippet:-1, max-image-preview:large, max-video-preview:-1\" \/>\n<link rel=\"canonical\" href=\"https:\/\/arv-argentina.com\/es\/outsourcing\/\" \/>\n<meta property=\"og:locale\" content=\"es_ES\" \/>\n<meta property=\"og:type\" content=\"article\" \/>\n<meta property=\"og:title\" content=\"Outsourcing - ARV Argentina | Alvarez Roperti Venegas Consultores Tributarios &amp; Auditores\" \/>\n<meta property=\"og:description\" content=\"[vc_row css_animation=\u00bb\u00bb row_type=\u00bbrow\u00bb use_row_as_full_screen_section=\u00bbno\u00bb type=\u00bbgrid\u00bb anchor=\u00bbportfolio\u00bb angled_section=\u00bbno\u00bb text_align=\u00bbleft\u00bb background_image_as_pattern=\u00bbwithout_pattern\u00bb background_color=\u00bb#ffffff\u00bb border_color=\u00bb#eeeeee\u00bb padding_top=\u00bb80&#8243; padding_bottom=\u00bb0&#8243;][vc_column][vc_row_inner row_type=\u00bbrow\u00bb type=\u00bbfull_width\u00bb text_align=\u00bbleft\u00bb css_animation=\u00bb\u00bb][vc_column_inner][vc_column_text css=\u00bb\u00bb] Outsourcing &nbsp; Conc\u00e9ntrese solo en los aspectos estrat\u00e9gicos de su compa\u00f1\u00eda, ello potenciar\u00e1 sus negocios. Deje en manos de nuestros profesionales tareas que requieren de alta especializaci\u00f3n....\" \/>\n<meta property=\"og:url\" content=\"https:\/\/arv-argentina.com\/es\/outsourcing\/\" \/>\n<meta property=\"og:site_name\" content=\"ARV Argentina | Alvarez Roperti Venegas Consultores Tributarios &amp; Auditores\" \/>\n<meta property=\"article:modified_time\" content=\"2024-09-02T17:00:26+00:00\" \/>\n<meta name=\"twitter:card\" content=\"summary_large_image\" \/>\n<meta name=\"twitter:label1\" content=\"Tiempo de lectura\" \/>\n\t<meta name=\"twitter:data1\" content=\"2 minutos\" \/>\n<script type=\"application\/ld+json\" class=\"yoast-schema-graph\">{\"@context\":\"https:\\\/\\\/schema.org\",\"@graph\":[{\"@type\":\"WebPage\",\"@id\":\"https:\\\/\\\/arv-argentina.com\\\/es\\\/outsourcing\\\/\",\"url\":\"https:\\\/\\\/arv-argentina.com\\\/es\\\/outsourcing\\\/\",\"name\":\"Outsourcing - ARV Argentina | Alvarez Roperti Venegas Consultores Tributarios &amp; Auditores\",\"isPartOf\":{\"@id\":\"https:\\\/\\\/arv-argentina.com\\\/es\\\/#website\"},\"datePublished\":\"2016-10-04T17:26:59+00:00\",\"dateModified\":\"2024-09-02T17:00:26+00:00\",\"breadcrumb\":{\"@id\":\"https:\\\/\\\/arv-argentina.com\\\/es\\\/outsourcing\\\/#breadcrumb\"},\"inLanguage\":\"es\",\"potentialAction\":[{\"@type\":\"ReadAction\",\"target\":[[\"https:\\\/\\\/arv-argentina.com\\\/es\\\/outsourcing\\\/\"]]}]},{\"@type\":\"BreadcrumbList\",\"@id\":\"https:\\\/\\\/arv-argentina.com\\\/es\\\/outsourcing\\\/#breadcrumb\",\"itemListElement\":[{\"@type\":\"ListItem\",\"position\":1,\"name\":\"Portada\",\"item\":\"https:\\\/\\\/arv-argentina.com\\\/es\\\/\"},{\"@type\":\"ListItem\",\"position\":2,\"name\":\"Outsourcing\"}]},{\"@type\":\"WebSite\",\"@id\":\"https:\\\/\\\/arv-argentina.com\\\/es\\\/#website\",\"url\":\"https:\\\/\\\/arv-argentina.com\\\/es\\\/\",\"name\":\"ARV Argentina | Alvarez Roperti Venegas Consultores Tributarios &amp; Auditores\",\"description\":\"Especialistas en Consultor\u00eda Tributaria y Auditor\u00edaEspecialistas en consultor\u00eda Tributaria y Auditor\u00eda\",\"publisher\":{\"@id\":\"https:\\\/\\\/arv-argentina.com\\\/es\\\/#organization\"},\"potentialAction\":[{\"@type\":\"SearchAction\",\"target\":{\"@type\":\"EntryPoint\",\"urlTemplate\":\"https:\\\/\\\/arv-argentina.com\\\/es\\\/?s={search_term_string}\"},\"query-input\":{\"@type\":\"PropertyValueSpecification\",\"valueRequired\":true,\"valueName\":\"search_term_string\"}}],\"inLanguage\":\"es\"},{\"@type\":\"Organization\",\"@id\":\"https:\\\/\\\/arv-argentina.com\\\/es\\\/#organization\",\"name\":\"ARV Argentina\",\"url\":\"https:\\\/\\\/arv-argentina.com\\\/es\\\/\",\"logo\":{\"@type\":\"ImageObject\",\"inLanguage\":\"es\",\"@id\":\"https:\\\/\\\/arv-argentina.com\\\/es\\\/#\\\/schema\\\/logo\\\/image\\\/\",\"url\":\"http:\\\/\\\/arv-argentina.com\\\/wp-content\\\/uploads\\\/2016\\\/10\\\/arv-logo-head1.png\",\"contentUrl\":\"http:\\\/\\\/arv-argentina.com\\\/wp-content\\\/uploads\\\/2016\\\/10\\\/arv-logo-head1.png\",\"width\":133,\"height\":54,\"caption\":\"ARV Argentina\"},\"image\":{\"@id\":\"https:\\\/\\\/arv-argentina.com\\\/es\\\/#\\\/schema\\\/logo\\\/image\\\/\"}}]}<\/script>\n<!-- \/ Yoast SEO plugin. -->","yoast_head_json":{"title":"Outsourcing - ARV Argentina | Alvarez Roperti Venegas Consultores Tributarios &amp; Auditores","robots":{"index":"index","follow":"follow","max-snippet":"max-snippet:-1","max-image-preview":"max-image-preview:large","max-video-preview":"max-video-preview:-1"},"canonical":"https:\/\/arv-argentina.com\/es\/outsourcing\/","og_locale":"es_ES","og_type":"article","og_title":"Outsourcing - ARV Argentina | Alvarez Roperti Venegas Consultores Tributarios &amp; Auditores","og_description":"[vc_row css_animation=\u00bb\u00bb row_type=\u00bbrow\u00bb use_row_as_full_screen_section=\u00bbno\u00bb type=\u00bbgrid\u00bb anchor=\u00bbportfolio\u00bb angled_section=\u00bbno\u00bb text_align=\u00bbleft\u00bb background_image_as_pattern=\u00bbwithout_pattern\u00bb background_color=\u00bb#ffffff\u00bb border_color=\u00bb#eeeeee\u00bb padding_top=\u00bb80&#8243; padding_bottom=\u00bb0&#8243;][vc_column][vc_row_inner row_type=\u00bbrow\u00bb type=\u00bbfull_width\u00bb text_align=\u00bbleft\u00bb css_animation=\u00bb\u00bb][vc_column_inner][vc_column_text css=\u00bb\u00bb] Outsourcing &nbsp; Conc\u00e9ntrese solo en los aspectos estrat\u00e9gicos de su compa\u00f1\u00eda, ello potenciar\u00e1 sus negocios. Deje en manos de nuestros profesionales tareas que requieren de alta especializaci\u00f3n....","og_url":"https:\/\/arv-argentina.com\/es\/outsourcing\/","og_site_name":"ARV Argentina | Alvarez Roperti Venegas Consultores Tributarios &amp; Auditores","article_modified_time":"2024-09-02T17:00:26+00:00","twitter_card":"summary_large_image","twitter_misc":{"Tiempo de lectura":"2 minutos"},"schema":{"@context":"https:\/\/schema.org","@graph":[{"@type":"WebPage","@id":"https:\/\/arv-argentina.com\/es\/outsourcing\/","url":"https:\/\/arv-argentina.com\/es\/outsourcing\/","name":"Outsourcing - ARV Argentina | Alvarez Roperti Venegas Consultores Tributarios &amp; Auditores","isPartOf":{"@id":"https:\/\/arv-argentina.com\/es\/#website"},"datePublished":"2016-10-04T17:26:59+00:00","dateModified":"2024-09-02T17:00:26+00:00","breadcrumb":{"@id":"https:\/\/arv-argentina.com\/es\/outsourcing\/#breadcrumb"},"inLanguage":"es","potentialAction":[{"@type":"ReadAction","target":[["https:\/\/arv-argentina.com\/es\/outsourcing\/"]]}]},{"@type":"BreadcrumbList","@id":"https:\/\/arv-argentina.com\/es\/outsourcing\/#breadcrumb","itemListElement":[{"@type":"ListItem","position":1,"name":"Portada","item":"https:\/\/arv-argentina.com\/es\/"},{"@type":"ListItem","position":2,"name":"Outsourcing"}]},{"@type":"WebSite","@id":"https:\/\/arv-argentina.com\/es\/#website","url":"https:\/\/arv-argentina.com\/es\/","name":"ARV Argentina | Alvarez Roperti Venegas Consultores Tributarios &amp; Auditores","description":"Especialistas en Consultor\u00eda Tributaria y Auditor\u00edaEspecialistas en consultor\u00eda Tributaria y Auditor\u00eda","publisher":{"@id":"https:\/\/arv-argentina.com\/es\/#organization"},"potentialAction":[{"@type":"SearchAction","target":{"@type":"EntryPoint","urlTemplate":"https:\/\/arv-argentina.com\/es\/?s={search_term_string}"},"query-input":{"@type":"PropertyValueSpecification","valueRequired":true,"valueName":"search_term_string"}}],"inLanguage":"es"},{"@type":"Organization","@id":"https:\/\/arv-argentina.com\/es\/#organization","name":"ARV Argentina","url":"https:\/\/arv-argentina.com\/es\/","logo":{"@type":"ImageObject","inLanguage":"es","@id":"https:\/\/arv-argentina.com\/es\/#\/schema\/logo\/image\/","url":"http:\/\/arv-argentina.com\/wp-content\/uploads\/2016\/10\/arv-logo-head1.png","contentUrl":"http:\/\/arv-argentina.com\/wp-content\/uploads\/2016\/10\/arv-logo-head1.png","width":133,"height":54,"caption":"ARV Argentina"},"image":{"@id":"https:\/\/arv-argentina.com\/es\/#\/schema\/logo\/image\/"}}]}},"_links":{"self":[{"href":"https:\/\/arv-argentina.com\/es\/wp-json\/wp\/v2\/pages\/16121","targetHints":{"allow":["GET"]}}],"collection":[{"href":"https:\/\/arv-argentina.com\/es\/wp-json\/wp\/v2\/pages"}],"about":[{"href":"https:\/\/arv-argentina.com\/es\/wp-json\/wp\/v2\/types\/page"}],"author":[{"embeddable":true,"href":"https:\/\/arv-argentina.com\/es\/wp-json\/wp\/v2\/users\/1"}],"replies":[{"embeddable":true,"href":"https:\/\/arv-argentina.com\/es\/wp-json\/wp\/v2\/comments?post=16121"}],"version-history":[{"count":33,"href":"https:\/\/arv-argentina.com\/es\/wp-json\/wp\/v2\/pages\/16121\/revisions"}],"predecessor-version":[{"id":19549,"href":"https:\/\/arv-argentina.com\/es\/wp-json\/wp\/v2\/pages\/16121\/revisions\/19549"}],"wp:attachment":[{"href":"https:\/\/arv-argentina.com\/es\/wp-json\/wp\/v2\/media?parent=16121"}],"curies":[{"name":"wp","href":"https:\/\/api.w.org\/{rel}","templated":true}]}}