{"id":16131,"date":"2016-10-04T14:52:16","date_gmt":"2016-10-04T17:52:16","guid":{"rendered":"http:\/\/arvargen-cp514.wordpresstemporal.com\/?page_id=16131"},"modified":"2024-08-08T17:41:21","modified_gmt":"2024-08-08T20:41:21","slug":"carrera-profesional","status":"publish","type":"page","link":"https:\/\/arv-argentina.com\/es\/carrera-profesional\/","title":{"rendered":"Carrera Profesional"},"content":{"rendered":"<div class=\"wpb-content-wrapper\"><p>[vc_row css_animation=\u00bb\u00bb row_type=\u00bbrow\u00bb use_row_as_full_screen_section=\u00bbno\u00bb type=\u00bbgrid\u00bb anchor=\u00bbportfolio\u00bb angled_section=\u00bbno\u00bb text_align=\u00bbleft\u00bb background_image_as_pattern=\u00bbwithout_pattern\u00bb background_color=\u00bb#ffffff\u00bb border_color=\u00bb#eeeeee\u00bb padding_top=\u00bb80&#8243; padding_bottom=\u00bb0&#8243;][vc_column][vc_row_inner row_type=\u00bbrow\u00bb type=\u00bbfull_width\u00bb text_align=\u00bbleft\u00bb css_animation=\u00bb\u00bb][vc_column_inner width=\u00bb1\/2&#8243;][vc_single_image image=\u00bb19412&#8243; img_size=\u00bbfull\u00bb alignment=\u00bbcenter\u00bb css=\u00bb\u00bb qode_css_animation=\u00bbelement_from_fade\u00bb transition_delay=\u00bb0.2&#8243;][vc_separator type=\u00bbtransparent\u00bb up=\u00bb79&#8243; down=\u00bb0&#8243;][\/vc_column_inner][vc_column_inner width=\u00bb1\/2&#8243;][vc_column_text]<\/p>\n<h3 style=\"text-align: left;\">\u00bfTE GUSTAR\u00cdA TRABAJAR CON NOSOTROS?<\/h3>\n<p>[\/vc_column_text][vc_separator type=\u00bbtransparent\u00bb up=\u00bb13&#8243; down=\u00bb23&#8243;][vc_column_text]<\/p>\n<p class=\"text-med\"><strong>ARV<\/strong> abre excelentes oportunidades de carrera en el Estudio en las \u00e1reas de Impuestos, Auditor\u00eda, Book Keeping y Payroll. Buscamos incorporar profesionales destacados con un buen nivel de manejo escrito y oral de idioma ingl\u00e9s, capaces de trabajar con responsabilidad y esmero en cada nuevo proyecto y de formar parte activa de nuestros equipos de trabajo.<\/p>\n<p class=\"text-med\">Para integrar nuestra base de datos profesionales y acceder a nuestras posiciones abiertas, envianos tu curriculum a <a href=\"mailto:info@arv-argentina.com\">info@arv-argentina.com<\/a><\/p>\n<p>[\/vc_column_text][vc_empty_space height=\u00bb52px\u00bb][\/vc_column_inner][\/vc_row_inner][vc_row_inner row_type=\u00bbrow\u00bb type=\u00bbfull_width\u00bb text_align=\u00bbleft\u00bb css_animation=\u00bb\u00bb][vc_column_inner width=\u00bb1\/2&#8243;][vc_single_image image=\u00bb16793&#8243; img_size=\u00bbfull\u00bb alignment=\u00bbcenter\u00bb qode_css_animation=\u00bbelement_from_fade\u00bb][vc_separator type=\u00bbtransparent\u00bb up=\u00bb79&#8243; down=\u00bb0&#8243;][\/vc_column_inner][vc_column_inner width=\u00bb1\/2&#8243;][vc_column_text]<strong>#RRHH |<\/strong> Nos encontramos en la b\u00fasqueda de <strong>ANALISTAS JUNIORS y SEMI SENIORS DE IMPUESTOS<\/strong> con experiencia en la liquidaci\u00f3n de impuestos mensuales (IVA, IIBB, SICORE, Reg\u00edmenes de Retenci\u00f3n y Percepci\u00f3n, etc).<br \/>\nEstar\u00e1n dentro de sus tareas la respuesta de requerimientos, atenci\u00f3n de inspecciones y consultas impositivas de una variada cartera de clientes.<br \/>\nTendr\u00e1n preferencia a aquellos candidatos con experiencia en liquidaci\u00f3n de impuestos anuales (ganancias, gmp, bienes personales, etc) y que demuestren proactividad, capacidad de autogesti\u00f3n y buenas relaciones interpersonales.<br \/>\nSe requiere ser estudiante avanzado o graduado de la carrera de contador publico, con experiencia m\u00ednima de 2 a\u00f1os en posiciones similares.<\/p>\n<p><strong>Te Ofrecemos:<\/strong><br \/>\n&#8211; Trabajar con empresas de primera l\u00ednea<br \/>\n&#8211; Trabajar en equipo con profesionales altamente especializados<br \/>\n&#8211; Capacitaci\u00f3n constante<br \/>\n&#8211; Carrera Profesional<br \/>\n&#8211; Flexibilidad y muy buen ambiente de trabajo<\/p>\n<p>Nuestras oficinas se encuentran en Microcentro, a pocas cuadras del Obelisco.<br \/>\nEs fundamental que cuentes con un manejo avanzado de Excel y aplicativos AFIP, etc.<\/p>\n<p><strong>Si quer\u00e9s conocer m\u00e1s sobre nosotros:<\/strong><br \/>\n<a href=\"https:\/\/twitter.com\/ArvArgentina\">https:\/\/twitter.com\/ArvArgentina<\/a><br \/>\n<a href=\"https:\/\/www.linkedin.com\/company\/alvarez-roperti-venegas-consultores-tributarios-&amp;-auditores\/\">https:\/\/www.linkedin.com\/company\/alvarez-roperti-venegas-consultores-tributarios-&amp;-auditores\/<\/a><br \/>\n<a href=\"https:\/\/www.facebook.com\/arvargentina\">https:\/\/www.facebook.com\/arvargentina<\/a><\/p>\n<p>E-mail: <a href=\"mailto:info@arv-argentina.com\">info@arv-argentina.com<\/a>[\/vc_column_text][vc_empty_space height=\u00bb52px\u00bb][\/vc_column_inner][\/vc_row_inner][vc_row_inner row_type=\u00bbrow\u00bb type=\u00bbfull_width\u00bb text_align=\u00bbleft\u00bb css_animation=\u00bb\u00bb][vc_column_inner width=\u00bb1\/2&#8243;][vc_single_image image=\u00bb16798&#8243; img_size=\u00bbfull\u00bb alignment=\u00bbcenter\u00bb qode_css_animation=\u00bbelement_from_fade\u00bb][vc_separator type=\u00bbtransparent\u00bb up=\u00bb79&#8243; down=\u00bb0&#8243;][\/vc_column_inner][vc_column_inner width=\u00bb1\/2&#8243;][vc_column_text]<strong>#RRHH | ASISTENTE DE AUDITORIA<\/strong><\/p>\n<p>Preferentemente con conocimientos contables b\u00e1sicos, conciliaciones y an\u00e1lisis de cuentas. Edad hasta 25 a\u00f1os cursando la carrera de contador p\u00fablico. Posibilidad de desarrollo profesional. Enviar curriculum vitae y remuneraci\u00f3n neta en mano pretendida a: <a href=\"mailto:info@arv-argentina.com\">info@arv-argentina.com<\/a><\/p>\n<p><strong><br \/>\nTe Ofrecemos:<\/strong><br \/>\n&#8211; Trabajar con empresas de primera l\u00ednea<br \/>\n&#8211; Trabajar en equipo con profesionales altamente especializados<br \/>\n&#8211; Capacitaci\u00f3n constante<br \/>\n&#8211; Carrera Profesional<br \/>\n&#8211; Flexibilidad y muy buen ambiente de trabajo<\/p>\n<p><strong><br \/>\n<\/strong>Nuestras oficinas se encuentran en Microcentro, a pocas cuadra del Obelisco.<\/p>\n<p><strong><br \/>\n<strong>Si quieres conocer m\u00e1s sobre nosotros:<\/strong><br \/>\n<a href=\"https:\/\/twitter.com\/ArvArgentina\">https:\/\/twitter.com\/ArvArgentina<\/a><br \/>\n<a href=\"https:\/\/www.linkedin.com\/company\/alvarez-roperti-venegas-consultores-tributarios-&amp;-auditores\/\">https:\/\/www.linkedin.com\/company\/alvarez-roperti-venegas-consultores-tributarios-&amp;-auditores\/<\/a><br \/>\n<a href=\"https:\/\/www.facebook.com\/arvargentina\">https:\/\/www.facebook.com\/arvargentina<\/a><\/strong>[\/vc_column_text][vc_empty_space height=\u00bb52px\u00bb][\/vc_column_inner][\/vc_row_inner][\/vc_column][\/vc_row][vc_row css_animation=\u00bb\u00bb row_type=\u00bbrow\u00bb use_row_as_full_screen_section=\u00bbno\u00bb type=\u00bbgrid\u00bb angled_section=\u00bbno\u00bb text_align=\u00bbleft\u00bb background_image_as_pattern=\u00bbwithout_pattern\u00bb][vc_column][vc_row_inner row_type=\u00bbrow\u00bb type=\u00bbfull_width\u00bb text_align=\u00bbleft\u00bb css_animation=\u00bb\u00bb][vc_column_inner width=\u00bb1\/2&#8243;][vc_single_image image=\u00bb19007&#8243; img_size=\u00bbfull\u00bb alignment=\u00bbcenter\u00bb qode_css_animation=\u00bbelement_from_fade\u00bb][vc_separator type=\u00bbtransparent\u00bb up=\u00bb79&#8243; down=\u00bb0&#8243;][\/vc_column_inner][vc_column_inner width=\u00bb1\/2&#8243;][vc_column_text]<strong>#RRHH | <\/strong>ASISTENTE CONTABLE<\/p>\n<p><span style=\"font-weight: 400;\">Nos encontramos en la b\u00fasqueda de junior contable para el \u00e1rea de outsourcing contable del estudio contable \u00c1lvarez Roperti Venegas.<\/span><\/p>\n<p><strong>Requisitos:<\/strong><\/p>\n<p><span style=\"font-weight: 400;\">1) Ser estudiante avanzado o graduado de la carrera de contador p\u00fablico<\/span><\/p>\n<p><span style=\"font-weight: 400;\">2) Residente en el AMBA,<\/span><\/p>\n<p><span style=\"font-weight: 400;\">3) Experiencia m\u00ednima 1 a\u00f1o en carga de contabilidad y conocimientos b\u00e1sicos de sistema contable tipo Tango o Bejerman<\/span><\/p>\n<p><span style=\"font-weight: 400;\">4) Proactividad y buenas relaciones interpersonales<\/span><\/p>\n<p>&nbsp;<\/p>\n<p><strong>Tareas a desarrollar:<\/strong><\/p>\n<p><span style=\"font-weight: 400;\">1) Registraci\u00f3n de comprobantes en sistema de gesti\u00f3n contable<\/span><\/p>\n<p><span style=\"font-weight: 400;\">2) Conciliaci\u00f3n de cuentas<\/span><\/p>\n<p><span style=\"font-weight: 400;\">3) Generaci\u00f3n de balance de saldos<\/span><\/p>\n<p><span style=\"font-weight: 400;\">4) Armado de EECC,<\/span><\/p>\n<p><span style=\"font-weight: 400;\">5) Confecci\u00f3n de aplicativo anual de IGJ<\/span><\/p>\n<p><span style=\"font-weight: 400;\">6) Liquidaci\u00f3n de rutinas impositivas mensuales<\/span><\/p>\n<p><span style=\"font-weight: 400;\">\u00a0<\/span><\/p>\n<p><strong>Beneficios<\/strong><\/p>\n<p><span style=\"font-weight: 400;\">1) Capacitaci\u00f3n permanente<\/span><\/p>\n<p><span style=\"font-weight: 400;\">2) D\u00eda de cumplea\u00f1os libre<\/span><\/p>\n<p><span style=\"font-weight: 400;\">3) OSDE (210) al a\u00f1o de ingreso<\/span><\/p>\n<p><span style=\"font-weight: 400;\">Enviar curriculum vitae con foto y remuneraci\u00f3n neta en mano pretendida.<\/span><\/p>\n<p>&nbsp;<\/p>\n<p>Nuestras oficinas se encuentran en Microcentro, a pocas cuadra del Obelisco.<\/p>\n<p><strong><br \/>\n<strong>Si quieres conocer m\u00e1s sobre nosotros:<\/strong><br \/>\n<a href=\"https:\/\/twitter.com\/ArvArgentina\">https:\/\/twitter.com\/ArvArgentina<\/a><br \/>\n<a href=\"https:\/\/www.linkedin.com\/company\/alvarez-roperti-venegas-consultores-tributarios-&amp;-auditores\/\">https:\/\/www.linkedin.com\/company\/alvarez-roperti-venegas-consultores-tributarios-&amp;-auditores\/<\/a><br \/>\n<a href=\"https:\/\/www.facebook.com\/arvargentina\">https:\/\/www.facebook.com\/arvargentina<\/a><\/strong>[\/vc_column_text][vc_empty_space height=\u00bb52px\u00bb][\/vc_column_inner][\/vc_row_inner][\/vc_column][\/vc_row]<\/p>\n<\/div>","protected":false},"excerpt":{"rendered":"<p>[vc_row css_animation=\u00bb\u00bb row_type=\u00bbrow\u00bb use_row_as_full_screen_section=\u00bbno\u00bb type=\u00bbgrid\u00bb anchor=\u00bbportfolio\u00bb angled_section=\u00bbno\u00bb text_align=\u00bbleft\u00bb background_image_as_pattern=\u00bbwithout_pattern\u00bb background_color=\u00bb#ffffff\u00bb border_color=\u00bb#eeeeee\u00bb padding_top=\u00bb80&#8243; padding_bottom=\u00bb0&#8243;][vc_column][vc_row_inner row_type=\u00bbrow\u00bb type=\u00bbfull_width\u00bb text_align=\u00bbleft\u00bb css_animation=\u00bb\u00bb][vc_column_inner width=\u00bb1\/2&#8243;][vc_single_image image=\u00bb19412&#8243; img_size=\u00bbfull\u00bb alignment=\u00bbcenter\u00bb css=\u00bb\u00bb qode_css_animation=\u00bbelement_from_fade\u00bb transition_delay=\u00bb0.2&#8243;][vc_separator type=\u00bbtransparent\u00bb up=\u00bb79&#8243; down=\u00bb0&#8243;][\/vc_column_inner][vc_column_inner width=\u00bb1\/2&#8243;][vc_column_text] \u00bfTE GUSTAR\u00cdA TRABAJAR CON NOSOTROS? [\/vc_column_text][vc_separator type=\u00bbtransparent\u00bb up=\u00bb13&#8243; down=\u00bb23&#8243;][vc_column_text] ARV abre excelentes oportunidades de carrera en el&#8230;<\/p>\n","protected":false},"author":1,"featured_media":0,"parent":0,"menu_order":0,"comment_status":"open","ping_status":"open","template":"full_width.php","meta":{"footnotes":""},"class_list":["post-16131","page","type-page","status-publish","hentry"],"yoast_head":"<!-- This site is optimized with the Yoast SEO plugin v27.3 - https:\/\/yoast.com\/product\/yoast-seo-wordpress\/ -->\n<title>ARV Argentina RRHH | Form\u00e1 parte de nuestro equipo.<\/title>\n<meta name=\"description\" content=\"Buscamos incorporar profesionales destacados con un buen nivel de idioma ingl\u00e9s, capaces de trabajar con responsabilidad y esmero ...\" \/>\n<meta name=\"robots\" content=\"index, follow, max-snippet:-1, max-image-preview:large, max-video-preview:-1\" \/>\n<link rel=\"canonical\" href=\"https:\/\/arv-argentina.com\/es\/carrera-profesional\/\" \/>\n<meta property=\"og:locale\" content=\"es_ES\" \/>\n<meta property=\"og:type\" content=\"article\" \/>\n<meta property=\"og:title\" content=\"ARV Argentina RRHH | Form\u00e1 parte de nuestro equipo.\" \/>\n<meta property=\"og:description\" content=\"Buscamos incorporar profesionales destacados con un buen nivel de idioma ingl\u00e9s, capaces de trabajar con responsabilidad y esmero ...\" \/>\n<meta property=\"og:url\" content=\"https:\/\/arv-argentina.com\/es\/carrera-profesional\/\" \/>\n<meta property=\"og:site_name\" content=\"ARV Argentina | Alvarez Roperti Venegas Consultores Tributarios &amp; Auditores\" \/>\n<meta property=\"article:modified_time\" content=\"2024-08-08T20:41:21+00:00\" \/>\n<meta name=\"twitter:card\" content=\"summary_large_image\" \/>\n<meta name=\"twitter:label1\" content=\"Tiempo de lectura\" \/>\n\t<meta name=\"twitter:data1\" content=\"1 minuto\" \/>\n<script type=\"application\/ld+json\" class=\"yoast-schema-graph\">{\"@context\":\"https:\\\/\\\/schema.org\",\"@graph\":[{\"@type\":\"WebPage\",\"@id\":\"https:\\\/\\\/arv-argentina.com\\\/es\\\/carrera-profesional\\\/\",\"url\":\"https:\\\/\\\/arv-argentina.com\\\/es\\\/carrera-profesional\\\/\",\"name\":\"ARV Argentina RRHH | Form\u00e1 parte de nuestro equipo.\",\"isPartOf\":{\"@id\":\"https:\\\/\\\/arv-argentina.com\\\/es\\\/#website\"},\"datePublished\":\"2016-10-04T17:52:16+00:00\",\"dateModified\":\"2024-08-08T20:41:21+00:00\",\"description\":\"Buscamos incorporar profesionales destacados con un buen nivel de idioma ingl\u00e9s, capaces de trabajar con responsabilidad y esmero ...\",\"breadcrumb\":{\"@id\":\"https:\\\/\\\/arv-argentina.com\\\/es\\\/carrera-profesional\\\/#breadcrumb\"},\"inLanguage\":\"es\",\"potentialAction\":[{\"@type\":\"ReadAction\",\"target\":[[\"https:\\\/\\\/arv-argentina.com\\\/es\\\/carrera-profesional\\\/\"]]}]},{\"@type\":\"BreadcrumbList\",\"@id\":\"https:\\\/\\\/arv-argentina.com\\\/es\\\/carrera-profesional\\\/#breadcrumb\",\"itemListElement\":[{\"@type\":\"ListItem\",\"position\":1,\"name\":\"Portada\",\"item\":\"https:\\\/\\\/arv-argentina.com\\\/es\\\/\"},{\"@type\":\"ListItem\",\"position\":2,\"name\":\"Carrera Profesional\"}]},{\"@type\":\"WebSite\",\"@id\":\"https:\\\/\\\/arv-argentina.com\\\/es\\\/#website\",\"url\":\"https:\\\/\\\/arv-argentina.com\\\/es\\\/\",\"name\":\"ARV Argentina | Alvarez Roperti Venegas Consultores Tributarios &amp; Auditores\",\"description\":\"Especialistas en Consultor\u00eda Tributaria y Auditor\u00edaEspecialistas en consultor\u00eda Tributaria y Auditor\u00eda\",\"publisher\":{\"@id\":\"https:\\\/\\\/arv-argentina.com\\\/es\\\/#organization\"},\"potentialAction\":[{\"@type\":\"SearchAction\",\"target\":{\"@type\":\"EntryPoint\",\"urlTemplate\":\"https:\\\/\\\/arv-argentina.com\\\/es\\\/?s={search_term_string}\"},\"query-input\":{\"@type\":\"PropertyValueSpecification\",\"valueRequired\":true,\"valueName\":\"search_term_string\"}}],\"inLanguage\":\"es\"},{\"@type\":\"Organization\",\"@id\":\"https:\\\/\\\/arv-argentina.com\\\/es\\\/#organization\",\"name\":\"ARV Argentina\",\"url\":\"https:\\\/\\\/arv-argentina.com\\\/es\\\/\",\"logo\":{\"@type\":\"ImageObject\",\"inLanguage\":\"es\",\"@id\":\"https:\\\/\\\/arv-argentina.com\\\/es\\\/#\\\/schema\\\/logo\\\/image\\\/\",\"url\":\"http:\\\/\\\/arv-argentina.com\\\/wp-content\\\/uploads\\\/2016\\\/10\\\/arv-logo-head1.png\",\"contentUrl\":\"http:\\\/\\\/arv-argentina.com\\\/wp-content\\\/uploads\\\/2016\\\/10\\\/arv-logo-head1.png\",\"width\":133,\"height\":54,\"caption\":\"ARV Argentina\"},\"image\":{\"@id\":\"https:\\\/\\\/arv-argentina.com\\\/es\\\/#\\\/schema\\\/logo\\\/image\\\/\"}}]}<\/script>\n<!-- \/ Yoast SEO plugin. -->","yoast_head_json":{"title":"ARV Argentina RRHH | Form\u00e1 parte de nuestro equipo.","description":"Buscamos incorporar profesionales destacados con un buen nivel de idioma ingl\u00e9s, capaces de trabajar con responsabilidad y esmero ...","robots":{"index":"index","follow":"follow","max-snippet":"max-snippet:-1","max-image-preview":"max-image-preview:large","max-video-preview":"max-video-preview:-1"},"canonical":"https:\/\/arv-argentina.com\/es\/carrera-profesional\/","og_locale":"es_ES","og_type":"article","og_title":"ARV Argentina RRHH | Form\u00e1 parte de nuestro equipo.","og_description":"Buscamos incorporar profesionales destacados con un buen nivel de idioma ingl\u00e9s, capaces de trabajar con responsabilidad y esmero ...","og_url":"https:\/\/arv-argentina.com\/es\/carrera-profesional\/","og_site_name":"ARV Argentina | Alvarez Roperti Venegas Consultores Tributarios &amp; Auditores","article_modified_time":"2024-08-08T20:41:21+00:00","twitter_card":"summary_large_image","twitter_misc":{"Tiempo de lectura":"1 minuto"},"schema":{"@context":"https:\/\/schema.org","@graph":[{"@type":"WebPage","@id":"https:\/\/arv-argentina.com\/es\/carrera-profesional\/","url":"https:\/\/arv-argentina.com\/es\/carrera-profesional\/","name":"ARV Argentina RRHH | Form\u00e1 parte de nuestro equipo.","isPartOf":{"@id":"https:\/\/arv-argentina.com\/es\/#website"},"datePublished":"2016-10-04T17:52:16+00:00","dateModified":"2024-08-08T20:41:21+00:00","description":"Buscamos incorporar profesionales destacados con un buen nivel de idioma ingl\u00e9s, capaces de trabajar con responsabilidad y esmero ...","breadcrumb":{"@id":"https:\/\/arv-argentina.com\/es\/carrera-profesional\/#breadcrumb"},"inLanguage":"es","potentialAction":[{"@type":"ReadAction","target":[["https:\/\/arv-argentina.com\/es\/carrera-profesional\/"]]}]},{"@type":"BreadcrumbList","@id":"https:\/\/arv-argentina.com\/es\/carrera-profesional\/#breadcrumb","itemListElement":[{"@type":"ListItem","position":1,"name":"Portada","item":"https:\/\/arv-argentina.com\/es\/"},{"@type":"ListItem","position":2,"name":"Carrera Profesional"}]},{"@type":"WebSite","@id":"https:\/\/arv-argentina.com\/es\/#website","url":"https:\/\/arv-argentina.com\/es\/","name":"ARV Argentina | Alvarez Roperti Venegas Consultores Tributarios &amp; Auditores","description":"Especialistas en Consultor\u00eda Tributaria y Auditor\u00edaEspecialistas en consultor\u00eda Tributaria y Auditor\u00eda","publisher":{"@id":"https:\/\/arv-argentina.com\/es\/#organization"},"potentialAction":[{"@type":"SearchAction","target":{"@type":"EntryPoint","urlTemplate":"https:\/\/arv-argentina.com\/es\/?s={search_term_string}"},"query-input":{"@type":"PropertyValueSpecification","valueRequired":true,"valueName":"search_term_string"}}],"inLanguage":"es"},{"@type":"Organization","@id":"https:\/\/arv-argentina.com\/es\/#organization","name":"ARV Argentina","url":"https:\/\/arv-argentina.com\/es\/","logo":{"@type":"ImageObject","inLanguage":"es","@id":"https:\/\/arv-argentina.com\/es\/#\/schema\/logo\/image\/","url":"http:\/\/arv-argentina.com\/wp-content\/uploads\/2016\/10\/arv-logo-head1.png","contentUrl":"http:\/\/arv-argentina.com\/wp-content\/uploads\/2016\/10\/arv-logo-head1.png","width":133,"height":54,"caption":"ARV Argentina"},"image":{"@id":"https:\/\/arv-argentina.com\/es\/#\/schema\/logo\/image\/"}}]}},"_links":{"self":[{"href":"https:\/\/arv-argentina.com\/es\/wp-json\/wp\/v2\/pages\/16131","targetHints":{"allow":["GET"]}}],"collection":[{"href":"https:\/\/arv-argentina.com\/es\/wp-json\/wp\/v2\/pages"}],"about":[{"href":"https:\/\/arv-argentina.com\/es\/wp-json\/wp\/v2\/types\/page"}],"author":[{"embeddable":true,"href":"https:\/\/arv-argentina.com\/es\/wp-json\/wp\/v2\/users\/1"}],"replies":[{"embeddable":true,"href":"https:\/\/arv-argentina.com\/es\/wp-json\/wp\/v2\/comments?post=16131"}],"version-history":[{"count":22,"href":"https:\/\/arv-argentina.com\/es\/wp-json\/wp\/v2\/pages\/16131\/revisions"}],"predecessor-version":[{"id":19413,"href":"https:\/\/arv-argentina.com\/es\/wp-json\/wp\/v2\/pages\/16131\/revisions\/19413"}],"wp:attachment":[{"href":"https:\/\/arv-argentina.com\/es\/wp-json\/wp\/v2\/media?parent=16131"}],"curies":[{"name":"wp","href":"https:\/\/api.w.org\/{rel}","templated":true}]}}