{"id":16410,"date":"2016-10-31T23:38:08","date_gmt":"2016-11-01T02:38:08","guid":{"rendered":"http:\/\/arv-argentina.com.cr1.toservers.com\/?page_id=16410"},"modified":"2024-08-08T17:40:47","modified_gmt":"2024-08-08T20:40:47","slug":"auditores-contables","status":"publish","type":"page","link":"https:\/\/arv-argentina.com\/es\/auditores-contables\/","title":{"rendered":"AUDITORIA CONTABLE"},"content":{"rendered":"<div class=\"wpb-content-wrapper\"><p>[vc_row css_animation=\u00bb\u00bb row_type=\u00bbrow\u00bb use_row_as_full_screen_section=\u00bbno\u00bb type=\u00bbgrid\u00bb anchor=\u00bbportfolio\u00bb angled_section=\u00bbno\u00bb text_align=\u00bbleft\u00bb background_image_as_pattern=\u00bbwithout_pattern\u00bb background_color=\u00bb#ffffff\u00bb border_color=\u00bb#eeeeee\u00bb padding_top=\u00bb80&#8243; padding_bottom=\u00bb0&#8243;][vc_column][vc_column_text css=\u00bb\u00bb]<\/p>\n<h1 style=\"text-align: left;\">Consultores y Auditores Contables<\/h1>\n<p>[\/vc_column_text][vc_empty_space][vc_row_inner row_type=\u00bbrow\u00bb type=\u00bbfull_width\u00bb text_align=\u00bbleft\u00bb css_animation=\u00bb\u00bb][vc_column_inner][vc_column_text]Como <strong>Consultores y Auditores Contables<\/strong>, nuestro trabajo comienza con un exhaustivo conocimiento de la empresa, a fin de dise\u00f1ar un programa espec\u00edficamente adecuado de tareas de revisi\u00f3n que favorezca el crecimiento de nuestro cliente.[\/vc_column_text][vc_separator type=\u00bbnormal\u00bb color=\u00bb#f4f4f4&#8243; up=\u00bb36&#8243; down=\u00bb36&#8243;][\/vc_column_inner][\/vc_row_inner][vc_column_text]<\/p>\n<h3>Auditor\u00eda de Estados Contables<\/h3>\n<p>&nbsp;<\/p>\n<p>Realizamos el examen de los <strong>estados contables<\/strong> de una sociedad, seg\u00fan las normas de auditor\u00eda. Concebimos a la auditoria externa como un elemento que debe contribuir al desarrollo de los objetivos de la organizaci\u00f3n. As\u00ed, nuestro servicio se traduce en los siguientes beneficios para la empresa cliente:<\/p>\n<p>&nbsp;<\/p>\n<ul>\n<li>Proyecci\u00f3n hacia terceros: a trav\u00e9s del logro de una imagen que transmita seriedad, integridad y solvencia.<\/li>\n<li>Seguridad interna: resultante de la contabilidad de la informaci\u00f3n, los sistemas y sus controles.<\/li>\n<li>Ayuda en la soluci\u00f3n de los problemas: mediante servicios que brinden un apoyo integral y signifiquen una mejora para la organizaci\u00f3n.<\/li>\n<\/ul>\n<p>[\/vc_column_text][vc_empty_space][vc_column_text]<\/p>\n<h3>Auditor\u00eda para Fines Espec\u00edficos<\/h3>\n<p>&nbsp;<\/p>\n<ul>\n<li>Informes especiales: relacionados con proyectos o presupuestos.<\/li>\n<li>Investigaciones detalladas: para los casos de irregularidades que pueden afectar operaciones de caja, cuentas a cobrar, compras, inventarios, ventas.<\/li>\n<li>An\u00e1lisis especiales de estados contables: sobre determinadas bases de confecci\u00f3n.<\/li>\n<li>Auditor\u00edas relacionadas con los requerimientos de organismos de cr\u00e9dito: locales o del exterior.<\/li>\n<li>Pericias contables.<\/li>\n<\/ul>\n<p>[\/vc_column_text][vc_empty_space][vc_column_text]<\/p>\n<h3>Auditor\u00eda Operativa y Revisi\u00f3n del Sistema de Control Interno<\/h3>\n<p>&nbsp;<\/p>\n<p>Para evaluar y prevenir, entre otros aspectos:<\/p>\n<p>El adecuado funcionamiento de los controles internos<br \/>\nLa confiabilidad e integridad de la informaci\u00f3n.<br \/>\nLa productividad y eficiencia administrativa, y la calidad del servicio.<br \/>\nLa adecuada seguridad de los activos de la empresa y su responsabilidad ante terceros.<br \/>\nLos controles para asegurar el cumplimiento de objetivos.<br \/>\nLa adecuaci\u00f3n y cumplimiento de los mismos.[\/vc_column_text][vc_empty_space][vc_column_text]<\/p>\n<h3>Due Diligences<\/h3>\n<p>&nbsp;<\/p>\n<p>En el caso de Fusiones y Adquisiciones de empresas, la parte compradora necesita conocer al detalle el estado de situaci\u00f3n de la empresa a adquirir. La funci\u00f3n b\u00e1sica de la auditor\u00eda de compra<\/p>\n<p>o \u00abdue diligence\u00bb, es valorar los activos y deudas de la compa\u00f1\u00eda objetivo, investigando los aspectos significativos de su pasado, presente y futuro predecible como as\u00ed tambi\u00e9n evaluar activos<\/p>\n<p>intangibles tales como el capital humano, el conocimiento, la cultura de las empresas, capacidad de liderazgo, etc.<\/p>\n<p>Producto de la realizaci\u00f3n del trabajo, se realiza un informe con comentarios y observaciones que servir\u00e1 como base para la negociaci\u00f3n del acuerdo final en temas como potenciales riesgos<\/p>\n<p>contingentes, cl\u00e1usulas de garant\u00edas, etc.<\/p>\n<p>&nbsp;<\/p>\n<h3>Actuaci\u00f3n ante la Comisi\u00f3n Nacional de Valores<\/h3>\n<p>&nbsp;<\/p>\n<p>Como auditores de entidades reguladas por la Comisi\u00f3n Nacional de Valores (C.N.V.), el Estudio y sus socios se encuentran inscriptos en el Registro de Asociaciones de Profesionales<\/p>\n<p>Universitarios y en el Registro de Auditores Externos respectivamente, aptos para ejercer estas funciones.<\/p>\n<p>&nbsp;<\/p>\n<h3>Actuaci\u00f3n en Provincia y Ciudad Aut\u00f3noma de Buenos Aires CABA<\/h3>\n<p>&nbsp;<\/p>\n<p>En virtud de la Ley 20.488, en todo el territorio de la Naci\u00f3n para el ejercicio de la profesi\u00f3n de Contador P\u00fablico es obligatoria la inscripci\u00f3n en las respectivas matr\u00edculas de los Consejos<\/p>\n<p>Profesionales del pa\u00eds, conforme a la jurisdicci\u00f3n en que se desarrolle su ejercicio. Nos encontramos inscriptos en la matr\u00edcula de los Consejos Profesionales de Ciencias Econ\u00f3micas de la<\/p>\n<p>Ciudad Aut\u00f3noma de Buenos Aires y de la Provincia de Buenos Aires.[\/vc_column_text][vc_empty_space height=\u00bb62px\u00bb][\/vc_column][\/vc_row]<\/p>\n<\/div>","protected":false},"excerpt":{"rendered":"<p>[vc_row css_animation=\u00bb\u00bb row_type=\u00bbrow\u00bb use_row_as_full_screen_section=\u00bbno\u00bb type=\u00bbgrid\u00bb anchor=\u00bbportfolio\u00bb angled_section=\u00bbno\u00bb text_align=\u00bbleft\u00bb background_image_as_pattern=\u00bbwithout_pattern\u00bb background_color=\u00bb#ffffff\u00bb border_color=\u00bb#eeeeee\u00bb padding_top=\u00bb80&#8243; padding_bottom=\u00bb0&#8243;][vc_column][vc_column_text css=\u00bb\u00bb] Consultores y Auditores Contables [\/vc_column_text][vc_empty_space][vc_row_inner row_type=\u00bbrow\u00bb type=\u00bbfull_width\u00bb text_align=\u00bbleft\u00bb css_animation=\u00bb\u00bb][vc_column_inner][vc_column_text]Como Consultores y Auditores Contables, nuestro trabajo comienza con un exhaustivo conocimiento de la empresa, a fin de dise\u00f1ar un programa espec\u00edficamente adecuado&#8230;<\/p>\n","protected":false},"author":1,"featured_media":0,"parent":0,"menu_order":0,"comment_status":"open","ping_status":"open","template":"full_width.php","meta":{"footnotes":""},"class_list":["post-16410","page","type-page","status-publish","hentry"],"yoast_head":"<!-- This site is optimized with the Yoast SEO plugin v27.0 - https:\/\/yoast.com\/product\/yoast-seo-wordpress\/ -->\n<title>AUDITORIA CONTABLE - ARV Argentina | Alvarez Roperti Venegas Consultores Tributarios &amp; Auditores<\/title>\n<meta name=\"robots\" content=\"index, follow, max-snippet:-1, max-image-preview:large, max-video-preview:-1\" \/>\n<link rel=\"canonical\" href=\"https:\/\/arv-argentina.com\/es\/auditores-contables\/\" \/>\n<meta property=\"og:locale\" content=\"es_ES\" \/>\n<meta property=\"og:type\" content=\"article\" \/>\n<meta property=\"og:title\" content=\"AUDITORIA CONTABLE - ARV Argentina | Alvarez Roperti Venegas Consultores Tributarios &amp; Auditores\" \/>\n<meta property=\"og:description\" content=\"[vc_row css_animation=\u00bb\u00bb row_type=\u00bbrow\u00bb use_row_as_full_screen_section=\u00bbno\u00bb type=\u00bbgrid\u00bb anchor=\u00bbportfolio\u00bb angled_section=\u00bbno\u00bb text_align=\u00bbleft\u00bb background_image_as_pattern=\u00bbwithout_pattern\u00bb background_color=\u00bb#ffffff\u00bb border_color=\u00bb#eeeeee\u00bb padding_top=\u00bb80&#8243; padding_bottom=\u00bb0&#8243;][vc_column][vc_column_text css=\u00bb\u00bb] Consultores y Auditores Contables [\/vc_column_text][vc_empty_space][vc_row_inner row_type=\u00bbrow\u00bb type=\u00bbfull_width\u00bb text_align=\u00bbleft\u00bb css_animation=\u00bb\u00bb][vc_column_inner][vc_column_text]Como Consultores y Auditores Contables, nuestro trabajo comienza con un exhaustivo conocimiento de la empresa, a fin de dise\u00f1ar un programa espec\u00edficamente adecuado...\" \/>\n<meta property=\"og:url\" content=\"https:\/\/arv-argentina.com\/es\/auditores-contables\/\" \/>\n<meta property=\"og:site_name\" content=\"ARV Argentina | Alvarez Roperti Venegas Consultores Tributarios &amp; Auditores\" \/>\n<meta property=\"article:modified_time\" content=\"2024-08-08T20:40:47+00:00\" \/>\n<meta name=\"twitter:card\" content=\"summary_large_image\" \/>\n<meta name=\"twitter:label1\" content=\"Tiempo de lectura\" \/>\n\t<meta name=\"twitter:data1\" content=\"3 minutos\" \/>\n<script type=\"application\/ld+json\" class=\"yoast-schema-graph\">{\"@context\":\"https:\/\/schema.org\",\"@graph\":[{\"@type\":\"WebPage\",\"@id\":\"https:\/\/arv-argentina.com\/es\/auditores-contables\/\",\"url\":\"https:\/\/arv-argentina.com\/es\/auditores-contables\/\",\"name\":\"AUDITORIA CONTABLE - ARV Argentina | Alvarez Roperti Venegas Consultores Tributarios &amp; Auditores\",\"isPartOf\":{\"@id\":\"https:\/\/arv-argentina.com\/es\/#website\"},\"datePublished\":\"2016-11-01T02:38:08+00:00\",\"dateModified\":\"2024-08-08T20:40:47+00:00\",\"breadcrumb\":{\"@id\":\"https:\/\/arv-argentina.com\/es\/auditores-contables\/#breadcrumb\"},\"inLanguage\":\"es\",\"potentialAction\":[{\"@type\":\"ReadAction\",\"target\":[[\"https:\/\/arv-argentina.com\/es\/auditores-contables\/\"]]}]},{\"@type\":\"BreadcrumbList\",\"@id\":\"https:\/\/arv-argentina.com\/es\/auditores-contables\/#breadcrumb\",\"itemListElement\":[{\"@type\":\"ListItem\",\"position\":1,\"name\":\"Portada\",\"item\":\"https:\/\/arv-argentina.com\/es\/\"},{\"@type\":\"ListItem\",\"position\":2,\"name\":\"AUDITORIA CONTABLE\"}]},{\"@type\":\"WebSite\",\"@id\":\"https:\/\/arv-argentina.com\/es\/#website\",\"url\":\"https:\/\/arv-argentina.com\/es\/\",\"name\":\"ARV Argentina | Alvarez Roperti Venegas Consultores Tributarios &amp; Auditores\",\"description\":\"Especialistas en Consultor\u00eda Tributaria y Auditor\u00edaEspecialistas en consultor\u00eda Tributaria y Auditor\u00eda\",\"publisher\":{\"@id\":\"https:\/\/arv-argentina.com\/es\/#organization\"},\"potentialAction\":[{\"@type\":\"SearchAction\",\"target\":{\"@type\":\"EntryPoint\",\"urlTemplate\":\"https:\/\/arv-argentina.com\/es\/?s={search_term_string}\"},\"query-input\":{\"@type\":\"PropertyValueSpecification\",\"valueRequired\":true,\"valueName\":\"search_term_string\"}}],\"inLanguage\":\"es\"},{\"@type\":\"Organization\",\"@id\":\"https:\/\/arv-argentina.com\/es\/#organization\",\"name\":\"ARV Argentina\",\"url\":\"https:\/\/arv-argentina.com\/es\/\",\"logo\":{\"@type\":\"ImageObject\",\"inLanguage\":\"es\",\"@id\":\"https:\/\/arv-argentina.com\/es\/#\/schema\/logo\/image\/\",\"url\":\"http:\/\/arv-argentina.com\/wp-content\/uploads\/2016\/10\/arv-logo-head1.png\",\"contentUrl\":\"http:\/\/arv-argentina.com\/wp-content\/uploads\/2016\/10\/arv-logo-head1.png\",\"width\":133,\"height\":54,\"caption\":\"ARV Argentina\"},\"image\":{\"@id\":\"https:\/\/arv-argentina.com\/es\/#\/schema\/logo\/image\/\"}}]}<\/script>\n<!-- \/ Yoast SEO plugin. -->","yoast_head_json":{"title":"AUDITORIA CONTABLE - ARV Argentina | Alvarez Roperti Venegas Consultores Tributarios &amp; Auditores","robots":{"index":"index","follow":"follow","max-snippet":"max-snippet:-1","max-image-preview":"max-image-preview:large","max-video-preview":"max-video-preview:-1"},"canonical":"https:\/\/arv-argentina.com\/es\/auditores-contables\/","og_locale":"es_ES","og_type":"article","og_title":"AUDITORIA CONTABLE - ARV Argentina | Alvarez Roperti Venegas Consultores Tributarios &amp; Auditores","og_description":"[vc_row css_animation=\u00bb\u00bb row_type=\u00bbrow\u00bb use_row_as_full_screen_section=\u00bbno\u00bb type=\u00bbgrid\u00bb anchor=\u00bbportfolio\u00bb angled_section=\u00bbno\u00bb text_align=\u00bbleft\u00bb background_image_as_pattern=\u00bbwithout_pattern\u00bb background_color=\u00bb#ffffff\u00bb border_color=\u00bb#eeeeee\u00bb padding_top=\u00bb80&#8243; padding_bottom=\u00bb0&#8243;][vc_column][vc_column_text css=\u00bb\u00bb] Consultores y Auditores Contables [\/vc_column_text][vc_empty_space][vc_row_inner row_type=\u00bbrow\u00bb type=\u00bbfull_width\u00bb text_align=\u00bbleft\u00bb css_animation=\u00bb\u00bb][vc_column_inner][vc_column_text]Como Consultores y Auditores Contables, nuestro trabajo comienza con un exhaustivo conocimiento de la empresa, a fin de dise\u00f1ar un programa espec\u00edficamente adecuado...","og_url":"https:\/\/arv-argentina.com\/es\/auditores-contables\/","og_site_name":"ARV Argentina | Alvarez Roperti Venegas Consultores Tributarios &amp; Auditores","article_modified_time":"2024-08-08T20:40:47+00:00","twitter_card":"summary_large_image","twitter_misc":{"Tiempo de lectura":"3 minutos"},"schema":{"@context":"https:\/\/schema.org","@graph":[{"@type":"WebPage","@id":"https:\/\/arv-argentina.com\/es\/auditores-contables\/","url":"https:\/\/arv-argentina.com\/es\/auditores-contables\/","name":"AUDITORIA CONTABLE - ARV Argentina | Alvarez Roperti Venegas Consultores Tributarios &amp; Auditores","isPartOf":{"@id":"https:\/\/arv-argentina.com\/es\/#website"},"datePublished":"2016-11-01T02:38:08+00:00","dateModified":"2024-08-08T20:40:47+00:00","breadcrumb":{"@id":"https:\/\/arv-argentina.com\/es\/auditores-contables\/#breadcrumb"},"inLanguage":"es","potentialAction":[{"@type":"ReadAction","target":[["https:\/\/arv-argentina.com\/es\/auditores-contables\/"]]}]},{"@type":"BreadcrumbList","@id":"https:\/\/arv-argentina.com\/es\/auditores-contables\/#breadcrumb","itemListElement":[{"@type":"ListItem","position":1,"name":"Portada","item":"https:\/\/arv-argentina.com\/es\/"},{"@type":"ListItem","position":2,"name":"AUDITORIA CONTABLE"}]},{"@type":"WebSite","@id":"https:\/\/arv-argentina.com\/es\/#website","url":"https:\/\/arv-argentina.com\/es\/","name":"ARV Argentina | Alvarez Roperti Venegas Consultores Tributarios &amp; Auditores","description":"Especialistas en Consultor\u00eda Tributaria y Auditor\u00edaEspecialistas en consultor\u00eda Tributaria y Auditor\u00eda","publisher":{"@id":"https:\/\/arv-argentina.com\/es\/#organization"},"potentialAction":[{"@type":"SearchAction","target":{"@type":"EntryPoint","urlTemplate":"https:\/\/arv-argentina.com\/es\/?s={search_term_string}"},"query-input":{"@type":"PropertyValueSpecification","valueRequired":true,"valueName":"search_term_string"}}],"inLanguage":"es"},{"@type":"Organization","@id":"https:\/\/arv-argentina.com\/es\/#organization","name":"ARV Argentina","url":"https:\/\/arv-argentina.com\/es\/","logo":{"@type":"ImageObject","inLanguage":"es","@id":"https:\/\/arv-argentina.com\/es\/#\/schema\/logo\/image\/","url":"http:\/\/arv-argentina.com\/wp-content\/uploads\/2016\/10\/arv-logo-head1.png","contentUrl":"http:\/\/arv-argentina.com\/wp-content\/uploads\/2016\/10\/arv-logo-head1.png","width":133,"height":54,"caption":"ARV Argentina"},"image":{"@id":"https:\/\/arv-argentina.com\/es\/#\/schema\/logo\/image\/"}}]}},"_links":{"self":[{"href":"https:\/\/arv-argentina.com\/es\/wp-json\/wp\/v2\/pages\/16410","targetHints":{"allow":["GET"]}}],"collection":[{"href":"https:\/\/arv-argentina.com\/es\/wp-json\/wp\/v2\/pages"}],"about":[{"href":"https:\/\/arv-argentina.com\/es\/wp-json\/wp\/v2\/types\/page"}],"author":[{"embeddable":true,"href":"https:\/\/arv-argentina.com\/es\/wp-json\/wp\/v2\/users\/1"}],"replies":[{"embeddable":true,"href":"https:\/\/arv-argentina.com\/es\/wp-json\/wp\/v2\/comments?post=16410"}],"version-history":[{"count":7,"href":"https:\/\/arv-argentina.com\/es\/wp-json\/wp\/v2\/pages\/16410\/revisions"}],"predecessor-version":[{"id":19475,"href":"https:\/\/arv-argentina.com\/es\/wp-json\/wp\/v2\/pages\/16410\/revisions\/19475"}],"wp:attachment":[{"href":"https:\/\/arv-argentina.com\/es\/wp-json\/wp\/v2\/media?parent=16410"}],"curies":[{"name":"wp","href":"https:\/\/api.w.org\/{rel}","templated":true}]}}